{"id":896,"date":"2025-04-25T07:04:50","date_gmt":"2025-04-25T07:04:50","guid":{"rendered":"https:\/\/new.educcators.com\/?page_id=896"},"modified":"2025-04-25T07:07:35","modified_gmt":"2025-04-25T07:07:35","slug":"cookie-policy","status":"publish","type":"page","link":"https:\/\/new.educcators.com\/en\/cookie-policy\/","title":{"rendered":"Cookies policy"},"content":{"rendered":"<p><strong>INFORMATION ABOUT COOKIES<\/strong><\/p>\n\n\n\n<p>In accordance with Law 34\/2002, of 11 July, on information society services and electronic commerce (LSSI), in relation to Regulation (EU) 2016\/679 of the European Parliament and of the Council, of 27 April 2016, General Data Protection Regulation (GDPR) and Organic Law 3\/2018, of 5 December, on Data Protection and Guarantee of Digital Rights (LOPDGDD), it is obligatory to obtain the express consent of the user of all websites that use dispensable cookies, before the user browses them.<\/p>\n\n\n\n<p><strong>WHAT ARE COOKIES?<\/strong><br>Cookies and other similar technologies such as local shared objects, flash cookies or pixels are tools used by web servers to store and retrieve information about their visitors and to provide a proper functioning of the site.<\/p>\n\n\n\n<p>The use of these devices allows the web server to remember some data concerning the user, such as his preferences for viewing the pages of that server, name and password, products he is most interested in, etc.<\/p>\n\n\n\n<p>COOKIES&nbsp;<strong>AFFECTED BY THE REGULATION AND EXEMPTED COOKIES<\/strong><br>According to the EU directive, the cookies that require the user's informed consent are analytical cookies and advertising and affiliation cookies, with the exception of technical cookies and those necessary for the operation of the website or the provision of services expressly requested by the user.<\/p>\n\n\n\n<p><strong>TYPES OF COOKIES<\/strong><br><strong>DEPENDING ON THE PURPOSE<\/strong><\/p>\n\n\n\n<ul class=\"wp-block-list\">\n<li>Cookies\u00a0<strong>technical and functional<\/strong>cookies: are those that allow the user to browse through a website, platform or application and to use the different options or services that exist on it.<\/li>\n\n\n\n<li>Cookies\u00a0<strong>analytics<\/strong>cookies: are those that allow the party responsible for them to monitor and analyse the behaviour of the users of the websites to which they are linked. The information collected through this type of cookies is used to measure the activity of the websites, application or platform and for the elaboration of browsing profiles of the users of these sites, applications and platforms, in order to introduce improvements based on the analysis of the usage data of the users of the service.<\/li>\n\n\n\n<li>Cookies\u00a0<strong>advertising:<\/strong>\u00a0are those that allow the management, in the most efficient way possible, of the advertising spaces that, where appropriate, the publisher has included on a website, application or platform from which it provides the requested service based on criteria such as the edited content or the frequency at which the advertisements are displayed.<\/li>\n\n\n\n<li>Cookies\u00a0<strong>of behavioural advertising<\/strong>collect information on the user's preferences and personal choices (retargeting) to enable the management, in the most effective way possible, of the advertising spaces that, where appropriate, the publisher has included on a website, application or platform from which it provides the requested service.<\/li>\n\n\n\n<li>Cookies\u00a0<strong>social<\/strong>are set up by social media platforms on the Services to allow you to share content with your friends and networks. Social media platforms have the ability to track your online activity outside of the Services. This may affect the content and messages you see on other services you visit.<\/li>\n\n\n\n<li>Cookies\u00a0<strong>of members<\/strong>: allow you to track visits from other websites, with which the website has an affiliation contract (affiliation companies).<\/li>\n\n\n\n<li>Cookies\u00a0<strong>security<\/strong>They store encrypted information to prevent the data stored on them from being vulnerable to malicious attacks by third parties.<\/li>\n<\/ul>\n\n\n\n<p><strong>ACCORDING TO OWNERSHIP<\/strong><\/p>\n\n\n\n<ul class=\"wp-block-list\">\n<li>Cookies<strong>\u00a0own<\/strong>are those that are sent to the user's terminal equipment from a computer or domain managed by the publisher itself and from which the service requested by the user is provided.<\/li>\n\n\n\n<li>Cookies\u00a0<strong>of third parties:<\/strong>\u00a0cookies are those that are sent to the user's terminal equipment from a computer or domain that is not managed by the editor, but by another entity that processes the data obtained through the cookies.<\/li>\n<\/ul>\n\n\n\n<p><strong>ACCORDING TO THE SHELF LIFE<\/strong><\/p>\n\n\n\n<ul class=\"wp-block-list\">\n<li>Cookies<strong>\u00a0session:<\/strong>\u00a0are a type of cookie designed to collect and store data while the user accesses a website.<\/li>\n\n\n\n<li>Cookies<strong>\u00a0persistent:<\/strong>\u00a0are a type of cookie in which the data remains stored in the terminal and can be accessed and processed for a period defined by the party responsible for the cookie, which can range from a few minutes to several years.<\/li>\n<\/ul>\n\n\n\n<p><strong>PROCESSING OF PERSONAL DATA<\/strong><\/p>\n\n\n\n<p>MARIA DOLORES FAJARDO RODRIGUEZ is the&nbsp;<strong>Data controller<\/strong>&nbsp;of the personal data of the<br><strong>Interested&nbsp;<\/strong>and informs you that this data will be processed in accordance with the provisions of Regulation (EU) 2016\/679 of 27 April 2016 (GDPR), for which you are provided with the following processing information:<\/p>\n\n\n\n<p><strong>Aims of treatment:&nbsp;<\/strong>as specified in the section on cookies used on this website.<br><strong>Legitimation of the processing<\/strong>except in cases where it is necessary for browsing the website, by consent of the data subject (art. 6.1 GDPR).<br><strong>Data retention criteria<\/strong>as specified in the section on cookies used on the website.<br><strong>Communication of data<\/strong>No data will be communicated to third parties, except in the case of cookies owned by third parties or by legal obligation.<br><strong>Rights of the Stakeholder<\/strong>:<\/p>\n\n\n\n<ul class=\"wp-block-list\">\n<li>Right to withdraw consent at any time.<\/li>\n\n\n\n<li>The right of access, rectification, portability and deletion of your data, and the right to limit or oppose its processing.<\/li>\n\n\n\n<li>The right to lodge a complaint with the supervisory authority (www.aepd.es) if you consider that the processing does not comply with the regulations in force.<\/li>\n<\/ul>\n\n\n\n<p><strong>Contact details for exercising your rights:<\/strong><br>MARIA DOLORES FAJARDO RODRIGUEZ.<strong>&nbsp;<\/strong>CALLE PASEO DE LA CASTELLANA, 2 266 - 28046<br>MADRID (Madrid). E-mail: info@educcators.com<br><br><br><strong>COOKIES USED ON THIS WEBSITE<\/strong><br><strong>PUBLISHER CONTROLLED COOKIES<\/strong><br><strong>Technical and functional<\/strong><\/p>\n\n\n\n<figure class=\"wp-block-table\"><table class=\"has-fixed-layout\"><tbody><tr><td><br><strong>Property<\/strong><\/td><td><strong>Cookie<\/strong><\/td><td><strong>Purpose<\/strong><\/td><td><strong>Deadline<\/strong><\/td><\/tr><tr><td>educcators.com<\/td><td><strong>moove_gdpr_popup<\/strong><\/td><td>Cookie necessary for the use of the options and services of the website.<\/td><td>in a month<\/td><\/tr><tr><td>educcators.com<\/td><td><strong>pll_language<\/strong><\/td><td>Cookie necessary for the use of the options and services of the website.<\/td><td>in one year<\/td><\/tr><\/tbody><\/table><\/figure>\n\n\n\n<p><strong>THIRD-PARTY COOKIES<\/strong><\/p>\n\n\n\n<p>Third-party services are beyond the publisher's control. The providers may modify their terms of service, purpose and use of cookies, etc. at any time.<\/p>\n\n\n\n<p><strong>External providers of this website:<\/strong><br>No cookies controlled by third parties are installed<\/p>\n\n\n\n<p><strong>COOKIE SETTINGS PANEL<\/strong><\/p>\n\n\n\n<p>From this panel you will be able to configure the cookies that the website may install in your browser, except for technical or functional cookies that are necessary for browsing and using the different options or services offered.<br>Cookies panel<\/p>\n\n\n\n<figure class=\"wp-block-table\"><table class=\"has-fixed-layout\"><tbody><tr><td colspan=\"3\"><br><strong>HOW TO MANAGE COOKIES FROM YOUR BROWSER<\/strong><\/td><\/tr><tr><td colspan=\"2\"><strong>Delete cookies from your device<\/strong><\/td><td>Cookies that are already on a device can be deleted by clearing the browser history, which deletes cookies from all websites visited. However, some of the saved information (e.g. login data or website preferences) may also be lost.<\/td><\/tr><tr><td colspan=\"2\"><strong>Manage site-specific cookies<\/strong><\/td><td>To have more precise control over site-specific cookies, users can adjust their privacy and cookie settings in their browser.<\/td><\/tr><tr><td colspan=\"2\"><strong>Blocking cookies<\/strong><\/td><td>Although most modern browsers can be set to prevent cookies from being installed on your device, this may require you to manually adjust certain preferences each time you visit a site or page. In addition, some services and features may not work properly (e.g. profile logins).<\/td><\/tr><tr><td colspan=\"3\"><strong>HOW TO DELETE COOKIES FROM THE MOST COMMON BROWSERS<\/strong><\/td><\/tr><tr><td><strong>Chrome<\/strong><\/td><td colspan=\"2\"><a href=\"http:\/\/support.google.com\/chrome\/answer\/95647?hl=es\">http:\/\/support.google.com\/chrome\/answer\/95647?hl=es<\/a><\/td><\/tr><tr><td><strong>Edge<\/strong><\/td><td colspan=\"2\"><a href=\"https:\/\/support.microsoft.com\/es-es\/microsoft-edge\/eliminar-las-cookies-en-microsoft-edge-63947406-40ac-c3b8-57b9-2a946a29ae09\">https:\/\/support.microsoft.com\/es-es\/microsoft-edge\/eliminar-las-cookies-en-microsoft-edge-63947406-40ac-c3b8-57b9-2a946a29ae09<\/a><\/td><\/tr><tr><td><strong>Explorer<\/strong><\/td><td colspan=\"2\"><a href=\"https:\/\/support.microsoft.com\/es-es\/help\/278835\/how-to-delete-cookie-files-in-internet-explorer\">https:\/\/support.microsoft.com\/es-es\/help\/278835\/how-to-delete-cookie-files-in-internet-explorer<\/a><\/td><\/tr><tr><td><strong>Firefox<\/strong><\/td><td colspan=\"2\"><a href=\"https:\/\/www.mozilla.org\/es-ES\/privacy\/websites\/#cookies\">https:\/\/www.mozilla.org\/es-ES\/privacy\/websites\/#cookies<\/a><\/td><\/tr><tr><td><strong>Safari<\/strong><\/td><td colspan=\"2\"><a href=\"https:\/\/support.apple.com\/es-es\/guide\/safari\/sfri11471\/mac\">https:\/\/support.apple.com\/es-es\/guide\/safari\/sfri11471\/mac<\/a><\/td><\/tr><tr><td><strong>Opera<\/strong><\/td><td colspan=\"2\"><a href=\"https:\/\/help.opera.com\/en\/latest\/security-and-privacy\/#clearBrowsingData\">https:\/\/help.opera.com\/en\/latest\/security-and-privacy\/#clearBrowsingData<\/a><\/td><\/tr><\/tbody><\/table><\/figure>","protected":false},"excerpt":{"rendered":"<p>INFORMACI\u00d3N SOBRE COOKIES Conforme con la Ley 34\/2002, de 11 de julio, de servicios de la sociedad de la informaci\u00f3n y de comercio electr\u00f3nico (LSSI), en relaci\u00f3n con el Reglamento (UE) 2016\/679 del Parlamento Europeo y del Consejo, de 27 de abril de 2016, General de Protecci\u00f3n de Datos (GDPR) y la Ley Org\u00e1nica 3\/2018, [&hellip;]<\/p>","protected":false},"author":1,"featured_media":0,"parent":0,"menu_order":0,"comment_status":"closed","ping_status":"closed","template":"","meta":{"_acf_changed":false,"_joinchat":[],"footnotes":""},"class_list":["post-896","page","type-page","status-publish","hentry"],"acf":[],"yoast_head":"<!-- This site is optimized with the Yoast SEO plugin v26.7 - https:\/\/yoast.com\/wordpress\/plugins\/seo\/ -->\n<title>Pol\u00edtica de cookies - Educcators<\/title>\n<meta name=\"robots\" content=\"noindex, follow\" \/>\n<meta property=\"og:locale\" content=\"en_GB\" \/>\n<meta property=\"og:type\" content=\"article\" \/>\n<meta property=\"og:title\" content=\"Pol\u00edtica de cookies - Educcators\" \/>\n<meta property=\"og:description\" content=\"INFORMACI\u00d3N SOBRE COOKIES Conforme con la Ley 34\/2002, de 11 de julio, de servicios de la sociedad de la informaci\u00f3n y de comercio electr\u00f3nico (LSSI), en relaci\u00f3n con el Reglamento (UE) 2016\/679 del Parlamento Europeo y del Consejo, de 27 de abril de 2016, General de Protecci\u00f3n de Datos (GDPR) y la Ley Org\u00e1nica 3\/2018, [&hellip;]\" \/>\n<meta property=\"og:url\" content=\"https:\/\/new.educcators.com\/en\/cookie-policy\/\" \/>\n<meta property=\"og:site_name\" content=\"Educcators\" \/>\n<meta property=\"article:modified_time\" content=\"2025-04-25T07:07:35+00:00\" \/>\n<meta name=\"twitter:card\" content=\"summary_large_image\" \/>\n<meta name=\"twitter:label1\" content=\"Estimated reading time\" \/>\n\t<meta name=\"twitter:data1\" content=\"6 minutes\" \/>\n<script type=\"application\/ld+json\" class=\"yoast-schema-graph\">{\"@context\":\"https:\/\/schema.org\",\"@graph\":[{\"@type\":\"WebPage\",\"@id\":\"https:\/\/new.educcators.com\/politica-de-cookies\/\",\"url\":\"https:\/\/new.educcators.com\/politica-de-cookies\/\",\"name\":\"Pol\u00edtica de cookies - Educcators\",\"isPartOf\":{\"@id\":\"https:\/\/new.educcators.com\/#website\"},\"datePublished\":\"2025-04-25T07:04:50+00:00\",\"dateModified\":\"2025-04-25T07:07:35+00:00\",\"breadcrumb\":{\"@id\":\"https:\/\/new.educcators.com\/politica-de-cookies\/#breadcrumb\"},\"inLanguage\":\"en-GB\",\"potentialAction\":[{\"@type\":\"ReadAction\",\"target\":[\"https:\/\/new.educcators.com\/politica-de-cookies\/\"]}]},{\"@type\":\"BreadcrumbList\",\"@id\":\"https:\/\/new.educcators.com\/politica-de-cookies\/#breadcrumb\",\"itemListElement\":[{\"@type\":\"ListItem\",\"position\":1,\"name\":\"Portada\",\"item\":\"https:\/\/new.educcators.com\/\"},{\"@type\":\"ListItem\",\"position\":2,\"name\":\"Pol\u00edtica de cookies\"}]},{\"@type\":\"WebSite\",\"@id\":\"https:\/\/new.educcators.com\/#website\",\"url\":\"https:\/\/new.educcators.com\/\",\"name\":\"Educcators\",\"description\":\"\",\"publisher\":{\"@id\":\"https:\/\/new.educcators.com\/#organization\"},\"potentialAction\":[{\"@type\":\"SearchAction\",\"target\":{\"@type\":\"EntryPoint\",\"urlTemplate\":\"https:\/\/new.educcators.com\/?s={search_term_string}\"},\"query-input\":{\"@type\":\"PropertyValueSpecification\",\"valueRequired\":true,\"valueName\":\"search_term_string\"}}],\"inLanguage\":\"en-GB\"},{\"@type\":\"Organization\",\"@id\":\"https:\/\/new.educcators.com\/#organization\",\"name\":\"Educcators\",\"url\":\"https:\/\/new.educcators.com\/\",\"logo\":{\"@type\":\"ImageObject\",\"inLanguage\":\"en-GB\",\"@id\":\"https:\/\/new.educcators.com\/#\/schema\/logo\/image\/\",\"url\":\"https:\/\/new.educcators.com\/wp-content\/uploads\/2025\/03\/Educcators_RGB_300dpi.png\",\"contentUrl\":\"https:\/\/new.educcators.com\/wp-content\/uploads\/2025\/03\/Educcators_RGB_300dpi.png\",\"width\":3780,\"height\":650,\"caption\":\"Educcators\"},\"image\":{\"@id\":\"https:\/\/new.educcators.com\/#\/schema\/logo\/image\/\"}}]}<\/script>\n<!-- \/ Yoast SEO plugin. -->","yoast_head_json":{"title":"Cookie policy - Educcators","robots":{"index":"noindex","follow":"follow"},"og_locale":"en_GB","og_type":"article","og_title":"Pol\u00edtica de cookies - Educcators","og_description":"INFORMACI\u00d3N SOBRE COOKIES Conforme con la Ley 34\/2002, de 11 de julio, de servicios de la sociedad de la informaci\u00f3n y de comercio electr\u00f3nico (LSSI), en relaci\u00f3n con el Reglamento (UE) 2016\/679 del Parlamento Europeo y del Consejo, de 27 de abril de 2016, General de Protecci\u00f3n de Datos (GDPR) y la Ley Org\u00e1nica 3\/2018, [&hellip;]","og_url":"https:\/\/new.educcators.com\/en\/cookie-policy\/","og_site_name":"Educcators","article_modified_time":"2025-04-25T07:07:35+00:00","twitter_card":"summary_large_image","twitter_misc":{"Estimated reading time":"6 minutes"},"schema":{"@context":"https:\/\/schema.org","@graph":[{"@type":"WebPage","@id":"https:\/\/new.educcators.com\/politica-de-cookies\/","url":"https:\/\/new.educcators.com\/politica-de-cookies\/","name":"Cookie policy - Educcators","isPartOf":{"@id":"https:\/\/new.educcators.com\/#website"},"datePublished":"2025-04-25T07:04:50+00:00","dateModified":"2025-04-25T07:07:35+00:00","breadcrumb":{"@id":"https:\/\/new.educcators.com\/politica-de-cookies\/#breadcrumb"},"inLanguage":"en-GB","potentialAction":[{"@type":"ReadAction","target":["https:\/\/new.educcators.com\/politica-de-cookies\/"]}]},{"@type":"BreadcrumbList","@id":"https:\/\/new.educcators.com\/politica-de-cookies\/#breadcrumb","itemListElement":[{"@type":"ListItem","position":1,"name":"Portada","item":"https:\/\/new.educcators.com\/"},{"@type":"ListItem","position":2,"name":"Pol\u00edtica de cookies"}]},{"@type":"WebSite","@id":"https:\/\/new.educcators.com\/#website","url":"https:\/\/new.educcators.com\/","name":"Educcators","description":"","publisher":{"@id":"https:\/\/new.educcators.com\/#organization"},"potentialAction":[{"@type":"SearchAction","target":{"@type":"EntryPoint","urlTemplate":"https:\/\/new.educcators.com\/?s={search_term_string}"},"query-input":{"@type":"PropertyValueSpecification","valueRequired":true,"valueName":"search_term_string"}}],"inLanguage":"en-GB"},{"@type":"Organization","@id":"https:\/\/new.educcators.com\/#organization","name":"Educcators","url":"https:\/\/new.educcators.com\/","logo":{"@type":"ImageObject","inLanguage":"en-GB","@id":"https:\/\/new.educcators.com\/#\/schema\/logo\/image\/","url":"https:\/\/new.educcators.com\/wp-content\/uploads\/2025\/03\/Educcators_RGB_300dpi.png","contentUrl":"https:\/\/new.educcators.com\/wp-content\/uploads\/2025\/03\/Educcators_RGB_300dpi.png","width":3780,"height":650,"caption":"Educcators"},"image":{"@id":"https:\/\/new.educcators.com\/#\/schema\/logo\/image\/"}}]}},"_links":{"self":[{"href":"https:\/\/new.educcators.com\/en\/wp-json\/wp\/v2\/pages\/896","targetHints":{"allow":["GET"]}}],"collection":[{"href":"https:\/\/new.educcators.com\/en\/wp-json\/wp\/v2\/pages"}],"about":[{"href":"https:\/\/new.educcators.com\/en\/wp-json\/wp\/v2\/types\/page"}],"author":[{"embeddable":true,"href":"https:\/\/new.educcators.com\/en\/wp-json\/wp\/v2\/users\/1"}],"replies":[{"embeddable":true,"href":"https:\/\/new.educcators.com\/en\/wp-json\/wp\/v2\/comments?post=896"}],"version-history":[{"count":1,"href":"https:\/\/new.educcators.com\/en\/wp-json\/wp\/v2\/pages\/896\/revisions"}],"predecessor-version":[{"id":897,"href":"https:\/\/new.educcators.com\/en\/wp-json\/wp\/v2\/pages\/896\/revisions\/897"}],"wp:attachment":[{"href":"https:\/\/new.educcators.com\/en\/wp-json\/wp\/v2\/media?parent=896"}],"curies":[{"name":"wp","href":"https:\/\/api.w.org\/{rel}","templated":true}]}}