{"id":367,"date":"2025-04-01T10:54:44","date_gmt":"2025-04-01T10:54:44","guid":{"rendered":"https:\/\/new.educcators.com\/?page_id=367"},"modified":"2026-02-09T15:42:12","modified_gmt":"2026-02-09T15:42:12","slug":"registration","status":"publish","type":"page","link":"https:\/\/new.educcators.com\/en\/registration\/","title":{"rendered":"Register"},"content":{"rendered":"<div data-elementor-type=\"wp-page\" data-elementor-id=\"367\" class=\"elementor elementor-367\" data-elementor-post-type=\"page\">\n\t\t\t\t<div class=\"elementor-element elementor-element-f01cfa2 e-con-full e-flex e-con e-parent\" data-id=\"f01cfa2\" data-element_type=\"container\" data-settings=\"{&quot;background_background&quot;:&quot;classic&quot;}\">\n\t\t<div class=\"elementor-element elementor-element-81a2c53 e-con-full e-flex e-con e-child\" data-id=\"81a2c53\" data-element_type=\"container\">\n\t\t\t\t<div class=\"elementor-element elementor-element-eba249c elementor-widget elementor-widget-heading\" data-id=\"eba249c\" data-element_type=\"widget\" data-widget_type=\"heading.default\">\n\t\t\t\t<div class=\"elementor-widget-container\">\n\t\t\t\t\t<h1 class=\"elementor-heading-title elementor-size-default\">Connecting Talent with Educational Purpose<\/h1>\t\t\t\t<\/div>\n\t\t\t\t<\/div>\n\t\t\t\t<div class=\"elementor-element elementor-element-d9a7796 elementor-align-center elementor-button-info elementor-widget elementor-widget-button\" data-id=\"d9a7796\" data-element_type=\"widget\" data-widget_type=\"button.default\">\n\t\t\t\t<div class=\"elementor-widget-container\">\n\t\t\t\t\t\t\t\t\t<div class=\"elementor-button-wrapper\">\n\t\t\t\t\t<a class=\"elementor-button elementor-button-link elementor-size-sm\" href=\"#elementor-action%3Aaction%3Dpopup%3Aopen%26settings%3DeyJpZCI6IjIwMjgiLCJ0b2dnbGUiOmZhbHNlfQ%3D%3D\" id=\"openModalBtn\">\n\t\t\t\t\t\t<span class=\"elementor-button-content-wrapper\">\n\t\t\t\t\t\t\t\t\t<span class=\"elementor-button-text\">Register your profile<\/span>\n\t\t\t\t\t<\/span>\n\t\t\t\t\t<\/a>\n\t\t\t\t<\/div>\n\t\t\t\t\t\t\t\t<\/div>\n\t\t\t\t<\/div>\n\t\t\t\t<\/div>\n\t\t\t\t<\/div>\n\t\t\t\t<\/div>","protected":false},"excerpt":{"rendered":"<p>Connecting Talent with Educational Purpose Register your Profile<\/p>","protected":false},"author":1,"featured_media":0,"parent":0,"menu_order":0,"comment_status":"closed","ping_status":"closed","template":"","meta":{"_acf_changed":false,"_joinchat":[],"footnotes":""},"class_list":["post-367","page","type-page","status-publish","hentry"],"acf":[],"yoast_head":"<!-- This site is optimized with the Yoast SEO plugin v26.7 - https:\/\/yoast.com\/wordpress\/plugins\/seo\/ -->\n<title>Registro - Educcators<\/title>\n<meta name=\"description\" content=\"Educcators - Conectamos Talento con Prop\u00f3sito Educativo. Somos especialistas en selecci\u00f3n de profesionales en el \u00e1mbito educativo\" \/>\n<meta name=\"robots\" content=\"index, follow, max-snippet:-1, max-image-preview:large, max-video-preview:-1\" \/>\n<link rel=\"canonical\" href=\"https:\/\/new.educcators.com\/en\/registration\/\" \/>\n<meta property=\"og:locale\" content=\"en_GB\" \/>\n<meta property=\"og:type\" content=\"article\" \/>\n<meta property=\"og:title\" content=\"Registro - Educcators\" \/>\n<meta property=\"og:description\" content=\"Educcators - Conectamos Talento con Prop\u00f3sito Educativo. Somos especialistas en selecci\u00f3n de profesionales en el \u00e1mbito educativo\" \/>\n<meta property=\"og:url\" content=\"https:\/\/new.educcators.com\/en\/registration\/\" \/>\n<meta property=\"og:site_name\" content=\"Educcators\" \/>\n<meta property=\"article:modified_time\" content=\"2026-02-09T15:42:12+00:00\" \/>\n<meta name=\"twitter:card\" content=\"summary_large_image\" \/>\n<meta name=\"twitter:label1\" content=\"Estimated reading time\" \/>\n\t<meta name=\"twitter:data1\" content=\"1 minute\" \/>\n<script type=\"application\/ld+json\" class=\"yoast-schema-graph\">{\"@context\":\"https:\/\/schema.org\",\"@graph\":[{\"@type\":\"WebPage\",\"@id\":\"https:\/\/new.educcators.com\/registro\/\",\"url\":\"https:\/\/new.educcators.com\/registro\/\",\"name\":\"Registro - Educcators\",\"isPartOf\":{\"@id\":\"https:\/\/new.educcators.com\/#website\"},\"datePublished\":\"2025-04-01T10:54:44+00:00\",\"dateModified\":\"2026-02-09T15:42:12+00:00\",\"description\":\"Educcators - Conectamos Talento con Prop\u00f3sito Educativo. Somos especialistas en selecci\u00f3n de profesionales en el \u00e1mbito educativo\",\"breadcrumb\":{\"@id\":\"https:\/\/new.educcators.com\/registro\/#breadcrumb\"},\"inLanguage\":\"en-GB\",\"potentialAction\":[{\"@type\":\"ReadAction\",\"target\":[\"https:\/\/new.educcators.com\/registro\/\"]}]},{\"@type\":\"BreadcrumbList\",\"@id\":\"https:\/\/new.educcators.com\/registro\/#breadcrumb\",\"itemListElement\":[{\"@type\":\"ListItem\",\"position\":1,\"name\":\"Portada\",\"item\":\"https:\/\/new.educcators.com\/\"},{\"@type\":\"ListItem\",\"position\":2,\"name\":\"Registro\"}]},{\"@type\":\"WebSite\",\"@id\":\"https:\/\/new.educcators.com\/#website\",\"url\":\"https:\/\/new.educcators.com\/\",\"name\":\"Educcators\",\"description\":\"\",\"publisher\":{\"@id\":\"https:\/\/new.educcators.com\/#organization\"},\"potentialAction\":[{\"@type\":\"SearchAction\",\"target\":{\"@type\":\"EntryPoint\",\"urlTemplate\":\"https:\/\/new.educcators.com\/?s={search_term_string}\"},\"query-input\":{\"@type\":\"PropertyValueSpecification\",\"valueRequired\":true,\"valueName\":\"search_term_string\"}}],\"inLanguage\":\"en-GB\"},{\"@type\":\"Organization\",\"@id\":\"https:\/\/new.educcators.com\/#organization\",\"name\":\"Educcators\",\"url\":\"https:\/\/new.educcators.com\/\",\"logo\":{\"@type\":\"ImageObject\",\"inLanguage\":\"en-GB\",\"@id\":\"https:\/\/new.educcators.com\/#\/schema\/logo\/image\/\",\"url\":\"https:\/\/new.educcators.com\/wp-content\/uploads\/2025\/03\/Educcators_RGB_300dpi.png\",\"contentUrl\":\"https:\/\/new.educcators.com\/wp-content\/uploads\/2025\/03\/Educcators_RGB_300dpi.png\",\"width\":3780,\"height\":650,\"caption\":\"Educcators\"},\"image\":{\"@id\":\"https:\/\/new.educcators.com\/#\/schema\/logo\/image\/\"}}]}<\/script>\n<!-- \/ Yoast SEO plugin. -->","yoast_head_json":{"title":"Registration - Educcators","description":"Educcators - Conectamos Talento con Prop\u00f3sito Educativo. Somos especialistas en selecci\u00f3n de profesionales en el \u00e1mbito educativo","robots":{"index":"index","follow":"follow","max-snippet":"max-snippet:-1","max-image-preview":"max-image-preview:large","max-video-preview":"max-video-preview:-1"},"canonical":"https:\/\/new.educcators.com\/en\/registration\/","og_locale":"en_GB","og_type":"article","og_title":"Registro - Educcators","og_description":"Educcators - Conectamos Talento con Prop\u00f3sito Educativo. Somos especialistas en selecci\u00f3n de profesionales en el \u00e1mbito educativo","og_url":"https:\/\/new.educcators.com\/en\/registration\/","og_site_name":"Educcators","article_modified_time":"2026-02-09T15:42:12+00:00","twitter_card":"summary_large_image","twitter_misc":{"Estimated reading time":"1 minute"},"schema":{"@context":"https:\/\/schema.org","@graph":[{"@type":"WebPage","@id":"https:\/\/new.educcators.com\/registro\/","url":"https:\/\/new.educcators.com\/registro\/","name":"Registration - Educcators","isPartOf":{"@id":"https:\/\/new.educcators.com\/#website"},"datePublished":"2025-04-01T10:54:44+00:00","dateModified":"2026-02-09T15:42:12+00:00","description":"Educcators - Conectamos Talento con Prop\u00f3sito Educativo. Somos especialistas en selecci\u00f3n de profesionales en el \u00e1mbito educativo","breadcrumb":{"@id":"https:\/\/new.educcators.com\/registro\/#breadcrumb"},"inLanguage":"en-GB","potentialAction":[{"@type":"ReadAction","target":["https:\/\/new.educcators.com\/registro\/"]}]},{"@type":"BreadcrumbList","@id":"https:\/\/new.educcators.com\/registro\/#breadcrumb","itemListElement":[{"@type":"ListItem","position":1,"name":"Portada","item":"https:\/\/new.educcators.com\/"},{"@type":"ListItem","position":2,"name":"Registro"}]},{"@type":"WebSite","@id":"https:\/\/new.educcators.com\/#website","url":"https:\/\/new.educcators.com\/","name":"Educcators","description":"","publisher":{"@id":"https:\/\/new.educcators.com\/#organization"},"potentialAction":[{"@type":"SearchAction","target":{"@type":"EntryPoint","urlTemplate":"https:\/\/new.educcators.com\/?s={search_term_string}"},"query-input":{"@type":"PropertyValueSpecification","valueRequired":true,"valueName":"search_term_string"}}],"inLanguage":"en-GB"},{"@type":"Organization","@id":"https:\/\/new.educcators.com\/#organization","name":"Educcators","url":"https:\/\/new.educcators.com\/","logo":{"@type":"ImageObject","inLanguage":"en-GB","@id":"https:\/\/new.educcators.com\/#\/schema\/logo\/image\/","url":"https:\/\/new.educcators.com\/wp-content\/uploads\/2025\/03\/Educcators_RGB_300dpi.png","contentUrl":"https:\/\/new.educcators.com\/wp-content\/uploads\/2025\/03\/Educcators_RGB_300dpi.png","width":3780,"height":650,"caption":"Educcators"},"image":{"@id":"https:\/\/new.educcators.com\/#\/schema\/logo\/image\/"}}]}},"_links":{"self":[{"href":"https:\/\/new.educcators.com\/en\/wp-json\/wp\/v2\/pages\/367","targetHints":{"allow":["GET"]}}],"collection":[{"href":"https:\/\/new.educcators.com\/en\/wp-json\/wp\/v2\/pages"}],"about":[{"href":"https:\/\/new.educcators.com\/en\/wp-json\/wp\/v2\/types\/page"}],"author":[{"embeddable":true,"href":"https:\/\/new.educcators.com\/en\/wp-json\/wp\/v2\/users\/1"}],"replies":[{"embeddable":true,"href":"https:\/\/new.educcators.com\/en\/wp-json\/wp\/v2\/comments?post=367"}],"version-history":[{"count":76,"href":"https:\/\/new.educcators.com\/en\/wp-json\/wp\/v2\/pages\/367\/revisions"}],"predecessor-version":[{"id":2142,"href":"https:\/\/new.educcators.com\/en\/wp-json\/wp\/v2\/pages\/367\/revisions\/2142"}],"wp:attachment":[{"href":"https:\/\/new.educcators.com\/en\/wp-json\/wp\/v2\/media?parent=367"}],"curies":[{"name":"wp","href":"https:\/\/api.w.org\/{rel}","templated":true}]}}