{"id":365,"date":"2025-04-01T10:54:33","date_gmt":"2025-04-01T10:54:33","guid":{"rendered":"https:\/\/new.educcators.com\/?page_id=365"},"modified":"2025-11-24T12:19:50","modified_gmt":"2025-11-24T12:19:50","slug":"i-want-to-hire","status":"publish","type":"page","link":"https:\/\/new.educcators.com\/en\/i-want-to-hire\/","title":{"rendered":"I want to hire"},"content":{"rendered":"<div data-elementor-type=\"wp-page\" data-elementor-id=\"365\" class=\"elementor elementor-365\" data-elementor-post-type=\"page\">\n\t\t\t\t<div class=\"elementor-element elementor-element-aec800e e-flex e-con-boxed e-con e-parent\" data-id=\"aec800e\" data-element_type=\"container\" data-settings=\"{&quot;background_background&quot;:&quot;classic&quot;}\">\n\t\t\t\t\t<div class=\"e-con-inner\">\n\t\t\t\t\t<\/div>\n\t\t\t\t<\/div>\n\t\t<div class=\"elementor-element elementor-element-e0dea5b e-flex e-con-boxed e-con e-parent\" data-id=\"e0dea5b\" data-element_type=\"container\">\n\t\t\t\t\t<div class=\"e-con-inner\">\n\t\t\t\t<div class=\"elementor-element elementor-element-2ecb4ce elementor-widget elementor-widget-heading\" data-id=\"2ecb4ce\" data-element_type=\"widget\" data-widget_type=\"heading.default\">\n\t\t\t\t<div class=\"elementor-widget-container\">\n\t\t\t\t\t<h1 class=\"elementor-heading-title elementor-size-default\">Post your job and find your ideal teacher<\/h1>\t\t\t\t<\/div>\n\t\t\t\t<\/div>\n\t\t\t\t<div class=\"elementor-element elementor-element-43fe061 elementor-widget-divider--view-line elementor-widget elementor-widget-divider\" data-id=\"43fe061\" data-element_type=\"widget\" data-widget_type=\"divider.default\">\n\t\t\t\t<div class=\"elementor-widget-container\">\n\t\t\t\t\t\t\t<div class=\"elementor-divider\">\n\t\t\t<span class=\"elementor-divider-separator\">\n\t\t\t\t\t\t<\/span>\n\t\t<\/div>\n\t\t\t\t\t\t<\/div>\n\t\t\t\t<\/div>\n\t\t\t\t<div class=\"elementor-element elementor-element-8714317 elementor-widget elementor-widget-heading\" data-id=\"8714317\" data-element_type=\"widget\" data-widget_type=\"heading.default\">\n\t\t\t\t<div class=\"elementor-widget-container\">\n\t\t\t\t\t<h2 class=\"elementor-heading-title elementor-size-default\">Create your job now<\/h2>\t\t\t\t<\/div>\n\t\t\t\t<\/div>\n\t\t\t\t<div class=\"elementor-element elementor-element-e64ab3f elementor-widget elementor-widget-heading\" data-id=\"e64ab3f\" data-element_type=\"widget\" data-widget_type=\"heading.default\">\n\t\t\t\t<div class=\"elementor-widget-container\">\n\t\t\t\t\t<p class=\"elementor-heading-title elementor-size-default\">To ensure transparency and security in the process:<\/p>\t\t\t\t<\/div>\n\t\t\t\t<\/div>\n\t\t\t\t<div class=\"elementor-element elementor-element-2098624 elementor-widget elementor-widget-heading\" data-id=\"2098624\" data-element_type=\"widget\" data-widget_type=\"heading.default\">\n\t\t\t\t<div class=\"elementor-widget-container\">\n\t\t\t\t\t<p class=\"elementor-heading-title elementor-size-default\"><ol>\n\n<li>We will verify your details (this can take up to 24 working hours).<\/li>\n\n<li>We will post your vacancy.<\/li><\/ol><\/p>\t\t\t\t<\/div>\n\t\t\t\t<\/div>\n\t\t\t\t\t<\/div>\n\t\t\t\t<\/div>\n\t\t<div class=\"elementor-element elementor-element-1694135 e-flex e-con-boxed e-con e-parent\" data-id=\"1694135\" data-element_type=\"container\">\n\t\t\t\t\t<div class=\"e-con-inner\">\n\t\t\t\t<div class=\"elementor-element elementor-element-8b968dc elementor-widget elementor-widget-heading\" data-id=\"8b968dc\" data-element_type=\"widget\" data-widget_type=\"heading.default\">\n\t\t\t\t<div class=\"elementor-widget-container\">\n\t\t\t\t\t<h1 class=\"elementor-heading-title elementor-size-default\">Publish Offer<\/h1>\t\t\t\t<\/div>\n\t\t\t\t<\/div>\n\t\t\t\t<div class=\"elementor-element elementor-element-9c4cf3f elementor-widget-divider--view-line elementor-widget elementor-widget-divider\" data-id=\"9c4cf3f\" data-element_type=\"widget\" data-widget_type=\"divider.default\">\n\t\t\t\t<div class=\"elementor-widget-container\">\n\t\t\t\t\t\t\t<div class=\"elementor-divider\">\n\t\t\t<span class=\"elementor-divider-separator\">\n\t\t\t\t\t\t<\/span>\n\t\t<\/div>\n\t\t\t\t\t\t<\/div>\n\t\t\t\t<\/div>\n\t\t\t\t<div class=\"elementor-element elementor-element-05ea2fa elementor-widget elementor-widget-wpjmc-submit-job-form\" data-id=\"05ea2fa\" data-element_type=\"widget\" data-widget_type=\"wpjmc-submit-job-form.default\">\n\t\t\t\t<div class=\"elementor-widget-container\">\n\t\t\t\t\t<form action=\"\/en\/wp-json\/wp\/v2\/pages\/365\" method=\"post\" id=\"submit-job-form\" class=\"job-manager-form\" enctype=\"multipart\/form-data\" data-trp-original-action=\"\/en\/wp-json\/wp\/v2\/pages\/365\">\n\n\t\n\t<style>div.chosen-container { display: inline-block !important; } .jmfe-chosen-select-field.select2-hidden-accessible + span.select2, #job_region.select2-hidden-accessible + span.select2, #resume_region.select2-hidden-accessible + span.select2 { display: none; }<\/style>\n\t\n\t\t\t<fieldset class=\"fieldset-login_required\">\n\t\t<label>Have an account?<\/label>\n\t\t<div class=\"field account-sign-in\">\n\t\t\t<a class=\"button\" href=\"https:\/\/new.educcators.com\/wp-login.php?redirect_to=https%3A%2F%2Fnew.educcators.com%2Fen%2Fi-want-to-hire%2F\">Sign in<\/a>\n\n\t\t\t\t\t<\/div>\n\t<\/fieldset>\n\t\n\t\n\t\n\t\t<!-- Job Information Fields -->\n\t\t\n\t\t\t\t\t<fieldset class=\"fieldset-job_specialization fieldset-type-multiselect\">\n\t\t\t\t<label for=\"job_specialization\">Specialisation <small>(optional)<\/small><\/label>\n\t\t\t\t<div class=\"field\">\n\t\t\t\t\t<select multiple=\"multiple\" name=\"job_specialization[]\" id=\"job_specialization\" class=\"jmfe-multiselect-field-check-max jmfe-chosen-select-field multiselect-job_specialization job-manager-multiselect\" data-no_results_text=\"No results match\" data-placeholder=\"Select Some Options\" >\n\t\t\t<option value=\"stem\"  >STEM (Science, Technology, Engineering and Mathematics)<\/option>\n\t\t\t<option value=\"artes\"  >Arts &amp; Music<\/option>\n\t\t\t<option value=\"deportes\"  >Sports &amp; Physical Education<\/option>\n\t\t\t<option value=\"humanidades\"  >Humanities &amp; Social Sciences<\/option>\n\t\t\t<option value=\"liderazgo\"  >Educational Leadership \/ Administration<\/option>\n\t\t\t<option value=\"idiomas_general\"  >Languages (General)<\/option>\n\t\t\t<option value=\"ingles\"  >\u2014 Ingl\u00e9s<\/option>\n\t\t\t<option value=\"espanol\"  >\u2014 Espa\u00f1ol<\/option>\n\t\t\t<option value=\"otros\"  >\u2014 Otros<\/option>\n\t<\/select>\n\t\t\t\t<\/div>\n\t\t\t<\/fieldset>\n\t\t\t\t\t<fieldset class=\"fieldset-job_title fieldset-type-text\">\n\t\t\t\t<label for=\"job_title\">Job Title<\/label>\n\t\t\t\t<div class=\"field required-field\">\n\t\t\t\t\t<input type=\"text\" class=\"jmfe-text-field jmfe-input-text input-text text-job_title\" name=\"job_title\" id=\"job_title\" title=\"\"  placeholder=\"\" value=\"\"  required \/>\n\t\t\t\t<\/div>\n\t\t\t<\/fieldset>\n\t\t\t\t\t<fieldset class=\"fieldset-region_select fieldset-type-term-select\">\n\t\t\t\t<label for=\"region_select\">Ubicaci\u00f3n<\/label>\n\t\t\t\t<div class=\"field required-field\">\n\t\t\t\t\t<select required name='region_select' id='region_select' class='job-manager-category-dropdown jmfe-chosen-select-field jmfe-required-chosen'>\n\t<option value='' selected='selected'>Select an Option&#8230;<\/option>\n\t<option class=\"level-0\" value=\"115\">Spain<\/option>\n\t<option class=\"level-1\" value=\"127\">&nbsp;&nbsp;&nbsp;Comunidad de Madrid<\/option>\n\t<option class=\"level-1\" value=\"128\">&nbsp;&nbsp;&nbsp;Regi\u00f3n de Murcia<\/option>\n\t<option class=\"level-1\" value=\"129\">&nbsp;&nbsp;&nbsp;Navarra<\/option>\n\t<option class=\"level-1\" value=\"130\">&nbsp;&nbsp;&nbsp;La Rioja<\/option>\n\t<option class=\"level-1\" value=\"131\">&nbsp;&nbsp;&nbsp;Pa\u00eds Vasco<\/option>\n\t<option class=\"level-1\" value=\"116\">&nbsp;&nbsp;&nbsp;Andaluc\u00eda<\/option>\n\t<option class=\"level-1\" value=\"132\">&nbsp;&nbsp;&nbsp;Comunidad Valenciana<\/option>\n\t<option class=\"level-1\" value=\"117\">&nbsp;&nbsp;&nbsp;Arag\u00f3n<\/option>\n\t<option class=\"level-1\" value=\"133\">&nbsp;&nbsp;&nbsp;Ceuta<\/option>\n\t<option class=\"level-1\" value=\"118\">&nbsp;&nbsp;&nbsp;Principado de Asturias<\/option>\n\t<option class=\"level-1\" value=\"134\">&nbsp;&nbsp;&nbsp;Melilla<\/option>\n\t<option class=\"level-1\" value=\"119\">&nbsp;&nbsp;&nbsp;Islas Baleares<\/option>\n\t<option class=\"level-1\" value=\"120\">&nbsp;&nbsp;&nbsp;Canarias<\/option>\n\t<option class=\"level-1\" value=\"121\">&nbsp;&nbsp;&nbsp;Cantabria<\/option>\n\t<option class=\"level-1\" value=\"122\">&nbsp;&nbsp;&nbsp;Castilla-La Mancha<\/option>\n\t<option class=\"level-1\" value=\"123\">&nbsp;&nbsp;&nbsp;Castilla y Le\u00f3n<\/option>\n\t<option class=\"level-1\" value=\"124\">&nbsp;&nbsp;&nbsp;Catalu\u00f1a<\/option>\n\t<option class=\"level-1\" value=\"125\">&nbsp;&nbsp;&nbsp;Extremadura<\/option>\n\t<option class=\"level-1\" value=\"126\">&nbsp;&nbsp;&nbsp;Galicia<\/option>\n\t<option class=\"level-0\" value=\"111\">Europa<\/option>\n\t<option class=\"level-0\" value=\"112\">Am\u00e9rica<\/option>\n\t<option class=\"level-0\" value=\"113\">Asia-Pac\u00edfico<\/option>\n\t<option class=\"level-0\" value=\"114\">Oriente Medio y \u00c1frica<\/option>\n<\/select>\n\t\t\t\t<\/div>\n\t\t\t<\/fieldset>\n\t\t\t\t\t<fieldset class=\"fieldset-remote_position fieldset-type-checkbox\">\n\t\t\t\t<label for=\"remote_position\">Remote Position <small>(optional)<\/small><\/label>\n\t\t\t\t<div class=\"field\">\n\t\t\t\t\t<input type=\"checkbox\" class=\"input-checkbox\" name=\"remote_position\" id=\"remote_position\"  value=\"1\"  \/>\n<small class=\"description\">Select if this is a remote position.<\/small>\t\t\t\t<\/div>\n\t\t\t<\/fieldset>\n\t\t\t\t\t<fieldset class=\"fieldset-job_type fieldset-type-term-select\">\n\t\t\t\t<label for=\"job_type\">Job type<\/label>\n\t\t\t\t<div class=\"field required-field\">\n\t\t\t\t\t<select required name='job_type' id='job_type' class='job-manager-category-dropdown jmfe-chosen-select-field jmfe-required-chosen'>\n\t<option value=''>Choose job type&hellip;<\/option>\n\t<option class=\"level-0\" value=\"2\">Part time<\/option>\n\t<option class=\"level-0\" value=\"3\" selected=\"selected\">Full time<\/option>\n\t<option class=\"level-0\" value=\"4\">Temporary<\/option>\n\t<option class=\"level-0\" value=\"135\">Internship<\/option>\n<\/select>\n\t\t\t\t<\/div>\n\t\t\t<\/fieldset>\n\t\t\t\t\t<fieldset class=\"fieldset-job_tags fieldset-type-text\">\n\t\t\t\t<label for=\"job_tags\">Job tags <small>(optional)<\/small><\/label>\n\t\t\t\t<div class=\"field\">\n\t\t\t\t\t<input type=\"text\" class=\"jmfe-text-field jmfe-input-text input-text text-job_tags\" name=\"job_tags\" id=\"job_tags\" title=\"\"  placeholder=\"e.g. PHP, Social Media, Management\" value=\"\"   \/>\n<small class=\"description text-job_tags-description\">Comma separate tags, such as required skills or technologies, for this job.<\/small>\t\t\t\t<\/div>\n\t\t\t<\/fieldset>\n\t\t\t\t\t<fieldset class=\"fieldset-job_category fieldset-type-term-multiselect\">\n\t\t\t\t<label for=\"job_category\">Job category<\/label>\n\t\t\t\t<div class=\"field required-field\">\n\t\t\t\t\t<select name='job_category[]' id='job_category' class='jmfe-required-chosen jmfe-add-required-attr jmfe-chosen-select-field job-manager-category-dropdown' multiple='multiple' data-placeholder='Choose a category&hellip;' data-no_results_text='No results match.' data-multiple_text='Select Some Options'>\n\t<option class=\"level-0\" value=\"33\">Private Tutoring<\/option>\n\t<option class=\"level-0\" value=\"41\">Higher Education \/ University \/ Postgraduate<\/option>\n\t<option class=\"level-0\" value=\"59\">Secondary Education \/ High School<\/option>\n\t<option class=\"level-0\" value=\"60\">Primary Education<\/option>\n\t<option class=\"level-0\" value=\"63\">Early Childhood Education \/ Pre-school<\/option>\n<\/select>\n\t\t\t\t<\/div>\n\t\t\t<\/fieldset>\n\t\t\t\t\t<fieldset class=\"fieldset-job_description fieldset-type-wp-editor\">\n\t\t\t\t<label for=\"job_description\">Description<\/label>\n\t\t\t\t<div class=\"field required-field\">\n\t\t\t\t\t<div id=\"wp-job_description-wrap\" class=\"wp-core-ui wp-editor-wrap tmce-active\"><link rel='stylesheet' id='dashicons-css' href='https:\/\/new.educcators.com\/wp-includes\/css\/dashicons.min.css?ver=6.9.4' media='all' \/>\n<link rel='stylesheet' id='editor-buttons-css' href='https:\/\/new.educcators.com\/wp-includes\/css\/editor.min.css?ver=6.9.4' media='all' \/>\n<div id=\"wp-job_description-editor-container\" class=\"wp-editor-container\"><textarea class=\"jmfe-add-required-attr wp-editor-area\" rows=\"8\" autocomplete=\"off\" cols=\"40\" name=\"job_description\" id=\"job_description\"><\/textarea><\/div>\n<\/div>\n\n\t\t\t\t<\/div>\n\t\t\t<\/fieldset>\n\t\t\t\t\t<fieldset class=\"fieldset-job_deadline fieldset-type-date\">\n\t\t\t\t<label for=\"job_deadline\">Closing date <small>(optional)<\/small><\/label>\n\t\t\t\t<div class=\"field\">\n\t\t\t\t\t<input type=\"text\" id=\"job_deadline\" class=\"jmfe-date-field jmfe-input-date input-date input-text jmfe-date-picker date-picker-job_deadline\" name=\"job_deadline\" placeholder=\"\" value=\"\" maxlength=\"\" \/>\n<span class=\"description date-picker-job_deadline-description\"><small class=\"description\">Deadline for new applicants.<\/small>\t\t\t\t<\/div>\n\t\t\t<\/fieldset>\n\t\t\t\t\t<fieldset class=\"fieldset-application fieldset-type-text\">\n\t\t\t\t<label for=\"application\">Application email<\/label>\n\t\t\t\t<div class=\"field required-field\">\n\t\t\t\t\t<input type=\"text\" class=\"jmfe-text-field jmfe-input-text input-text text-application\" name=\"application\" id=\"application\" title=\"\"  placeholder=\"you@example.com\" value=\"\"  required \/>\n\t\t\t\t<\/div>\n\t\t\t<\/fieldset>\n\t\t\n\t\t\n\t\t<!-- Company Information Fields -->\n\t\t\t\t\t<h2>Company Details<\/h2>\n\n\t\t\t\n\t\t\t\t\t\t\t<fieldset class=\"fieldset-company_name fieldset-type-text\">\n\t\t\t\t\t<label for=\"company_name\">Company name<\/label>\n\t\t\t\t\t<div class=\"field required-field\">\n\t\t\t\t\t\t<input type=\"text\" class=\"jmfe-text-field jmfe-input-text input-text text-company_name\" name=\"company_name\" id=\"company_name\" title=\"\"  placeholder=\"Enter the name of the company.\" value=\"\"  required \/>\n\t\t\t\t\t<\/div>\n\t\t\t\t<\/fieldset>\n\t\t\t\t\t\t\t<fieldset class=\"fieldset-company_website fieldset-type-text\">\n\t\t\t\t\t<label for=\"company_website\">Website <small>(optional)<\/small><\/label>\n\t\t\t\t\t<div class=\"field\">\n\t\t\t\t\t\t<input type=\"text\" class=\"jmfe-text-field jmfe-input-text input-text text-company_website\" name=\"company_website\" id=\"company_website\" title=\"\"  placeholder=\"http:\/\/\" value=\"\"   \/>\n\t\t\t\t\t<\/div>\n\t\t\t\t<\/fieldset>\n\t\t\t\t\t\t\t<fieldset class=\"fieldset-company_tagline fieldset-type-text\">\n\t\t\t\t\t<label for=\"company_tagline\">Tagline <small>(optional)<\/small><\/label>\n\t\t\t\t\t<div class=\"field\">\n\t\t\t\t\t\t<input type=\"text\" class=\"jmfe-text-field jmfe-input-text input-text text-company_tagline\" name=\"company_tagline\" id=\"company_tagline\" title=\"\"  placeholder=\"Briefly describe your company\" value=\"\" maxlength=\"64\"  \/>\n\t\t\t\t\t<\/div>\n\t\t\t\t<\/fieldset>\n\t\t\t\t\t\t\t<fieldset class=\"fieldset-company_video fieldset-type-text\">\n\t\t\t\t\t<label for=\"company_video\">Video <small>(optional)<\/small><\/label>\n\t\t\t\t\t<div class=\"field\">\n\t\t\t\t\t\t<input type=\"text\" class=\"jmfe-text-field jmfe-input-text input-text text-company_video\" name=\"company_video\" id=\"company_video\" title=\"\"  placeholder=\"A link to a video about your company\" value=\"\"   \/>\n\t\t\t\t\t<\/div>\n\t\t\t\t<\/fieldset>\n\t\t\t\t\t\t\t<fieldset class=\"fieldset-company_twitter fieldset-type-text\">\n\t\t\t\t\t<label for=\"company_twitter\">Twitter username <small>(optional)<\/small><\/label>\n\t\t\t\t\t<div class=\"field\">\n\t\t\t\t\t\t<input type=\"text\" class=\"jmfe-text-field jmfe-input-text input-text text-company_twitter\" name=\"company_twitter\" id=\"company_twitter\" title=\"\"  placeholder=\"@yourcompany\" value=\"\"   \/>\n\t\t\t\t\t<\/div>\n\t\t\t\t<\/fieldset>\n\t\t\t\t\t\t\t<fieldset class=\"fieldset-company_logo fieldset-type-file\">\n\t\t\t\t\t<label for=\"company_logo\">Logo <small>(optional)<\/small><\/label>\n\t\t\t\t\t<div class=\"field\">\n\t\t\t\t\t\t\n<div class=\"job-manager-uploaded-files\">\n\t<\/div>\n<input type=\"file\" class=\"input-text file-company_logo\" data-file_types=\"jpg|jpeg|gif|png\"  name=\"company_logo\" id=\"company_logo\" placeholder=\"\" \/>\n<small class=\"description\">\n\t\t\t\t\tMaximum file size: 128 MB.\t\t\t<\/small>\n\t\t\t\t\t<\/div>\n\t\t\t\t<\/fieldset>\n\t\t\t\n\t\t\t\t\t\n\t\t\n\t\t<p>\n\t\t\t<input type=\"hidden\" name=\"job_manager_form\" value=\"submit-job\" \/>\n\t\t\t<input type=\"hidden\" name=\"job_id\" value=\"0\" \/>\n\t\t\t<input type=\"hidden\" name=\"step\" value=\"0\" \/>\n\t\t\t<input type=\"submit\" name=\"submit_job\" class=\"button\"\n    \t\t value=\"Preview\" \/>\n\t\t\t\t\t\t<span class=\"spinner\" style=\"background-image: url(https:\/\/new.educcators.com\/wp-includes\/images\/spinner.gif);\"><\/span>\n\t\t<\/p>\n\n\t<input type=\"hidden\" name=\"trp-form-language\" value=\"en\"\/><\/form>\n\t\t\t\t<\/div>\n\t\t\t\t<\/div>\n\t\t\t\t\t<\/div>\n\t\t\t\t<\/div>\n\t\t\t\t<\/div>","protected":false},"excerpt":{"rendered":"<p>Publica tu empleo y encuentra al docente ideal Crea tu empleo ahora Para garantizar transparencia y seguridad en el proceso: Verificaremos tus datos (esto puede tomar hasta 24 horas h\u00e1biles). Publicaremos tu vacante. Publicar Oferta Tu cuenta Est\u00e1s conectado como admin_e. Salir T\u00edtulo del trabajo Ubicaci\u00f3n (opcional) Dejar en blanco si la ubicaci\u00f3n no es [&hellip;]<\/p>","protected":false},"author":1,"featured_media":0,"parent":0,"menu_order":0,"comment_status":"closed","ping_status":"closed","template":"","meta":{"_acf_changed":false,"_joinchat":[],"footnotes":""},"class_list":["post-365","page","type-page","status-publish","hentry"],"acf":[],"yoast_head":"<!-- This site is optimized with the Yoast SEO plugin v26.7 - https:\/\/yoast.com\/wordpress\/plugins\/seo\/ -->\n<title>Quiero contratar - Educcators<\/title>\n<meta name=\"robots\" content=\"index, follow, max-snippet:-1, max-image-preview:large, max-video-preview:-1\" \/>\n<link rel=\"canonical\" href=\"https:\/\/new.educcators.com\/en\/i-want-to-hire\/\" \/>\n<meta property=\"og:locale\" content=\"en_GB\" \/>\n<meta property=\"og:type\" content=\"article\" \/>\n<meta property=\"og:title\" content=\"Quiero contratar - Educcators\" \/>\n<meta property=\"og:description\" content=\"Publica tu empleo y encuentra al docente ideal Crea tu empleo ahora Para garantizar transparencia y seguridad en el proceso: Verificaremos tus datos (esto puede tomar hasta 24 horas h\u00e1biles). Publicaremos tu vacante. Publicar Oferta Tu cuenta Est\u00e1s conectado como admin_e. Salir T\u00edtulo del trabajo Ubicaci\u00f3n (opcional) Dejar en blanco si la ubicaci\u00f3n no es [&hellip;]\" \/>\n<meta property=\"og:url\" content=\"https:\/\/new.educcators.com\/en\/i-want-to-hire\/\" \/>\n<meta property=\"og:site_name\" content=\"Educcators\" \/>\n<meta property=\"article:modified_time\" content=\"2025-11-24T12:19:50+00:00\" \/>\n<meta property=\"og:image\" content=\"https:\/\/new.educcators.com\/wp-content\/uploads\/2023\/05\/listing-deploy-logo-150x150.jpg\" \/>\n<meta name=\"twitter:card\" content=\"summary_large_image\" \/>\n<meta name=\"twitter:label1\" content=\"Estimated reading time\" \/>\n\t<meta name=\"twitter:data1\" content=\"1 minute\" \/>\n<script type=\"application\/ld+json\" class=\"yoast-schema-graph\">{\"@context\":\"https:\/\/schema.org\",\"@graph\":[{\"@type\":\"WebPage\",\"@id\":\"https:\/\/new.educcators.com\/quiero-contratar\/\",\"url\":\"https:\/\/new.educcators.com\/quiero-contratar\/\",\"name\":\"Quiero contratar - Educcators\",\"isPartOf\":{\"@id\":\"https:\/\/new.educcators.com\/#website\"},\"primaryImageOfPage\":{\"@id\":\"https:\/\/new.educcators.com\/quiero-contratar\/#primaryimage\"},\"image\":{\"@id\":\"https:\/\/new.educcators.com\/quiero-contratar\/#primaryimage\"},\"thumbnailUrl\":\"https:\/\/new.educcators.com\/wp-content\/uploads\/2023\/05\/listing-deploy-logo-150x150.jpg\",\"datePublished\":\"2025-04-01T10:54:33+00:00\",\"dateModified\":\"2025-11-24T12:19:50+00:00\",\"breadcrumb\":{\"@id\":\"https:\/\/new.educcators.com\/quiero-contratar\/#breadcrumb\"},\"inLanguage\":\"en-GB\",\"potentialAction\":[{\"@type\":\"ReadAction\",\"target\":[\"https:\/\/new.educcators.com\/quiero-contratar\/\"]}]},{\"@type\":\"ImageObject\",\"inLanguage\":\"en-GB\",\"@id\":\"https:\/\/new.educcators.com\/quiero-contratar\/#primaryimage\",\"url\":\"https:\/\/new.educcators.com\/wp-content\/uploads\/2023\/05\/listing-deploy-logo-150x150.jpg\",\"contentUrl\":\"https:\/\/new.educcators.com\/wp-content\/uploads\/2023\/05\/listing-deploy-logo-150x150.jpg\"},{\"@type\":\"BreadcrumbList\",\"@id\":\"https:\/\/new.educcators.com\/quiero-contratar\/#breadcrumb\",\"itemListElement\":[{\"@type\":\"ListItem\",\"position\":1,\"name\":\"Portada\",\"item\":\"https:\/\/new.educcators.com\/\"},{\"@type\":\"ListItem\",\"position\":2,\"name\":\"Quiero contratar\"}]},{\"@type\":\"WebSite\",\"@id\":\"https:\/\/new.educcators.com\/#website\",\"url\":\"https:\/\/new.educcators.com\/\",\"name\":\"Educcators\",\"description\":\"\",\"publisher\":{\"@id\":\"https:\/\/new.educcators.com\/#organization\"},\"potentialAction\":[{\"@type\":\"SearchAction\",\"target\":{\"@type\":\"EntryPoint\",\"urlTemplate\":\"https:\/\/new.educcators.com\/?s={search_term_string}\"},\"query-input\":{\"@type\":\"PropertyValueSpecification\",\"valueRequired\":true,\"valueName\":\"search_term_string\"}}],\"inLanguage\":\"en-GB\"},{\"@type\":\"Organization\",\"@id\":\"https:\/\/new.educcators.com\/#organization\",\"name\":\"Educcators\",\"url\":\"https:\/\/new.educcators.com\/\",\"logo\":{\"@type\":\"ImageObject\",\"inLanguage\":\"en-GB\",\"@id\":\"https:\/\/new.educcators.com\/#\/schema\/logo\/image\/\",\"url\":\"https:\/\/new.educcators.com\/wp-content\/uploads\/2025\/03\/Educcators_RGB_300dpi.png\",\"contentUrl\":\"https:\/\/new.educcators.com\/wp-content\/uploads\/2025\/03\/Educcators_RGB_300dpi.png\",\"width\":3780,\"height\":650,\"caption\":\"Educcators\"},\"image\":{\"@id\":\"https:\/\/new.educcators.com\/#\/schema\/logo\/image\/\"}}]}<\/script>\n<!-- \/ Yoast SEO plugin. -->","yoast_head_json":{"title":"I want to recruit - Educcators","robots":{"index":"index","follow":"follow","max-snippet":"max-snippet:-1","max-image-preview":"max-image-preview:large","max-video-preview":"max-video-preview:-1"},"canonical":"https:\/\/new.educcators.com\/en\/i-want-to-hire\/","og_locale":"en_GB","og_type":"article","og_title":"Quiero contratar - Educcators","og_description":"Publica tu empleo y encuentra al docente ideal Crea tu empleo ahora Para garantizar transparencia y seguridad en el proceso: Verificaremos tus datos (esto puede tomar hasta 24 horas h\u00e1biles). Publicaremos tu vacante. Publicar Oferta Tu cuenta Est\u00e1s conectado como admin_e. Salir T\u00edtulo del trabajo Ubicaci\u00f3n (opcional) Dejar en blanco si la ubicaci\u00f3n no es [&hellip;]","og_url":"https:\/\/new.educcators.com\/en\/i-want-to-hire\/","og_site_name":"Educcators","article_modified_time":"2025-11-24T12:19:50+00:00","og_image":[{"url":"https:\/\/new.educcators.com\/wp-content\/uploads\/2023\/05\/listing-deploy-logo-150x150.jpg","type":"","width":"","height":""}],"twitter_card":"summary_large_image","twitter_misc":{"Estimated reading time":"1 minute"},"schema":{"@context":"https:\/\/schema.org","@graph":[{"@type":"WebPage","@id":"https:\/\/new.educcators.com\/quiero-contratar\/","url":"https:\/\/new.educcators.com\/quiero-contratar\/","name":"I want to recruit - Educcators","isPartOf":{"@id":"https:\/\/new.educcators.com\/#website"},"primaryImageOfPage":{"@id":"https:\/\/new.educcators.com\/quiero-contratar\/#primaryimage"},"image":{"@id":"https:\/\/new.educcators.com\/quiero-contratar\/#primaryimage"},"thumbnailUrl":"https:\/\/new.educcators.com\/wp-content\/uploads\/2023\/05\/listing-deploy-logo-150x150.jpg","datePublished":"2025-04-01T10:54:33+00:00","dateModified":"2025-11-24T12:19:50+00:00","breadcrumb":{"@id":"https:\/\/new.educcators.com\/quiero-contratar\/#breadcrumb"},"inLanguage":"en-GB","potentialAction":[{"@type":"ReadAction","target":["https:\/\/new.educcators.com\/quiero-contratar\/"]}]},{"@type":"ImageObject","inLanguage":"en-GB","@id":"https:\/\/new.educcators.com\/quiero-contratar\/#primaryimage","url":"https:\/\/new.educcators.com\/wp-content\/uploads\/2023\/05\/listing-deploy-logo-150x150.jpg","contentUrl":"https:\/\/new.educcators.com\/wp-content\/uploads\/2023\/05\/listing-deploy-logo-150x150.jpg"},{"@type":"BreadcrumbList","@id":"https:\/\/new.educcators.com\/quiero-contratar\/#breadcrumb","itemListElement":[{"@type":"ListItem","position":1,"name":"Portada","item":"https:\/\/new.educcators.com\/"},{"@type":"ListItem","position":2,"name":"Quiero contratar"}]},{"@type":"WebSite","@id":"https:\/\/new.educcators.com\/#website","url":"https:\/\/new.educcators.com\/","name":"Educcators","description":"","publisher":{"@id":"https:\/\/new.educcators.com\/#organization"},"potentialAction":[{"@type":"SearchAction","target":{"@type":"EntryPoint","urlTemplate":"https:\/\/new.educcators.com\/?s={search_term_string}"},"query-input":{"@type":"PropertyValueSpecification","valueRequired":true,"valueName":"search_term_string"}}],"inLanguage":"en-GB"},{"@type":"Organization","@id":"https:\/\/new.educcators.com\/#organization","name":"Educcators","url":"https:\/\/new.educcators.com\/","logo":{"@type":"ImageObject","inLanguage":"en-GB","@id":"https:\/\/new.educcators.com\/#\/schema\/logo\/image\/","url":"https:\/\/new.educcators.com\/wp-content\/uploads\/2025\/03\/Educcators_RGB_300dpi.png","contentUrl":"https:\/\/new.educcators.com\/wp-content\/uploads\/2025\/03\/Educcators_RGB_300dpi.png","width":3780,"height":650,"caption":"Educcators"},"image":{"@id":"https:\/\/new.educcators.com\/#\/schema\/logo\/image\/"}}]}},"_links":{"self":[{"href":"https:\/\/new.educcators.com\/en\/wp-json\/wp\/v2\/pages\/365","targetHints":{"allow":["GET"]}}],"collection":[{"href":"https:\/\/new.educcators.com\/en\/wp-json\/wp\/v2\/pages"}],"about":[{"href":"https:\/\/new.educcators.com\/en\/wp-json\/wp\/v2\/types\/page"}],"author":[{"embeddable":true,"href":"https:\/\/new.educcators.com\/en\/wp-json\/wp\/v2\/users\/1"}],"replies":[{"embeddable":true,"href":"https:\/\/new.educcators.com\/en\/wp-json\/wp\/v2\/comments?post=365"}],"version-history":[{"count":94,"href":"https:\/\/new.educcators.com\/en\/wp-json\/wp\/v2\/pages\/365\/revisions"}],"predecessor-version":[{"id":2384,"href":"https:\/\/new.educcators.com\/en\/wp-json\/wp\/v2\/pages\/365\/revisions\/2384"}],"wp:attachment":[{"href":"https:\/\/new.educcators.com\/en\/wp-json\/wp\/v2\/media?parent=365"}],"curies":[{"name":"wp","href":"https:\/\/api.w.org\/{rel}","templated":true}]}}