{"id":2745,"date":"2025-12-17T08:53:20","date_gmt":"2025-12-17T08:53:20","guid":{"rendered":"https:\/\/new.educcators.com\/?page_id=2745"},"modified":"2026-02-11T16:14:02","modified_gmt":"2026-02-11T16:14:02","slug":"acceso-global","status":"publish","type":"page","link":"https:\/\/new.educcators.com\/en\/acceso-global\/","title":{"rendered":"Global Access"},"content":{"rendered":"<div data-elementor-type=\"wp-page\" data-elementor-id=\"2745\" class=\"elementor elementor-2745\" data-elementor-post-type=\"page\">\n\t\t\t\t<div class=\"elementor-element elementor-element-c3a4ef6 e-flex e-con-boxed e-con e-parent\" data-id=\"c3a4ef6\" data-element_type=\"container\" data-settings=\"{&quot;background_background&quot;:&quot;classic&quot;}\">\n\t\t\t\t\t<div class=\"e-con-inner\">\n\t\t\t\t<div class=\"elementor-element elementor-element-2ac4de6 elementor-widget elementor-widget-heading\" data-id=\"2ac4de6\" data-element_type=\"widget\" data-widget_type=\"heading.default\">\n\t\t\t\t<div class=\"elementor-widget-container\">\n\t\t\t\t\t<h1 class=\"elementor-heading-title elementor-size-default\">Educcators<\/h1>\t\t\t\t<\/div>\n\t\t\t\t<\/div>\n\t\t\t\t<div class=\"elementor-element elementor-element-9c02337 elementor-widget elementor-widget-heading\" data-id=\"9c02337\" data-element_type=\"widget\" data-widget_type=\"heading.default\">\n\t\t\t\t<div class=\"elementor-widget-container\">\n\t\t\t\t\t<h1 class=\"elementor-heading-title elementor-size-default\">El Poder de la Conexi\u00f3n<\/h1>\t\t\t\t<\/div>\n\t\t\t\t<\/div>\n\t\t\t\t<div class=\"elementor-element elementor-element-5f458a0 elementor-widget elementor-widget-heading\" data-id=\"5f458a0\" data-element_type=\"widget\" data-widget_type=\"heading.default\">\n\t\t\t\t<div class=\"elementor-widget-container\">\n\t\t\t\t\t<h2 class=\"elementor-heading-title elementor-size-default\">Las mejores oportunidades y los l\u00edderes m\u00e1s brillantes no siempre est\u00e1n en b\u00fasqueda activa. Nosotros tendemos el puente<\/h2>\t\t\t\t<\/div>\n\t\t\t\t<\/div>\n\t\t\t\t\t<\/div>\n\t\t\t\t<\/div>\n\t\t<div class=\"elementor-element elementor-element-b79c6cc e-flex e-con-boxed e-con e-parent\" data-id=\"b79c6cc\" data-element_type=\"container\">\n\t\t\t\t\t<div class=\"e-con-inner\">\n\t\t\t\t<div class=\"elementor-element elementor-element-f7d8716 elementor-headline--style-highlight elementor-widget elementor-widget-animated-headline\" data-id=\"f7d8716\" data-element_type=\"widget\" data-settings=\"{&quot;highlighted_text&quot;:&quot;Global&quot;,&quot;headline_style&quot;:&quot;highlight&quot;,&quot;marker&quot;:&quot;circle&quot;,&quot;loop&quot;:&quot;yes&quot;,&quot;highlight_animation_duration&quot;:1200,&quot;highlight_iteration_delay&quot;:8000}\" data-widget_type=\"animated-headline.default\">\n\t\t\t\t<div class=\"elementor-widget-container\">\n\t\t\t\t\t\t\t<h3 class=\"elementor-headline\">\n\t\t\t\t\t<span class=\"elementor-headline-plain-text elementor-headline-text-wrapper\">Acceso<\/span>\n\t\t\t\t<span class=\"elementor-headline-dynamic-wrapper elementor-headline-text-wrapper\">\n\t\t\t\t\t<span class=\"elementor-headline-dynamic-text elementor-headline-text-active\">Global<\/span>\n\t\t\t\t<\/span>\n\t\t\t\t<\/h3>\n\t\t\t\t\t\t<\/div>\n\t\t\t\t<\/div>\n\t\t\t\t\t<\/div>\n\t\t\t\t<\/div>\n\t\t<div class=\"elementor-element elementor-element-287aa16 e-flex e-con-boxed e-con e-parent\" data-id=\"287aa16\" data-element_type=\"container\">\n\t\t\t\t\t<div class=\"e-con-inner\">\n\t\t<div class=\"elementor-element elementor-element-c3ed623 e-con-full e-flex e-con e-child\" data-id=\"c3ed623\" data-element_type=\"container\">\n\t\t\t\t<div class=\"elementor-element elementor-element-1d36138 elementor-widget elementor-widget-text-editor\" data-id=\"1d36138\" data-element_type=\"widget\" data-widget_type=\"text-editor.default\">\n\t\t\t\t<div class=\"elementor-widget-container\">\n\t\t\t\t\t\t\t\t\t<ul><li>Acceso a candidatos <i>top-tier<\/i> exclusivos.<\/li><li>Discreci\u00f3n absoluta en el acercamiento.<\/li><li>Mentalidad internacional para un mundo global.<\/li><\/ul>\t\t\t\t\t\t\t\t<\/div>\n\t\t\t\t<\/div>\n\t\t\t\t<\/div>\n\t\t<div class=\"elementor-element elementor-element-98357ce e-con-full e-flex e-con e-child\" data-id=\"98357ce\" data-element_type=\"container\">\n\t\t\t\t<div class=\"elementor-element elementor-element-f038db4 elementor-widget elementor-widget-image\" data-id=\"f038db4\" data-element_type=\"widget\" data-widget_type=\"image.default\">\n\t\t\t\t<div class=\"elementor-widget-container\">\n\t\t\t\t\t\t\t\t\t\t\t\t\t\t\t<img fetchpriority=\"high\" decoding=\"async\" width=\"1024\" height=\"1024\" src=\"https:\/\/new.educcators.com\/wp-content\/uploads\/2026\/02\/Gemini_Generated_Image_l3ebwwl3ebwwl3eb-1.png\" class=\"attachment-full size-full wp-image-3516\" alt=\"\" srcset=\"https:\/\/new.educcators.com\/wp-content\/uploads\/2026\/02\/Gemini_Generated_Image_l3ebwwl3ebwwl3eb-1.png 1024w, https:\/\/new.educcators.com\/wp-content\/uploads\/2026\/02\/Gemini_Generated_Image_l3ebwwl3ebwwl3eb-1-300x300.png 300w, https:\/\/new.educcators.com\/wp-content\/uploads\/2026\/02\/Gemini_Generated_Image_l3ebwwl3ebwwl3eb-1-150x150.png 150w, https:\/\/new.educcators.com\/wp-content\/uploads\/2026\/02\/Gemini_Generated_Image_l3ebwwl3ebwwl3eb-1-768x768.png 768w, https:\/\/new.educcators.com\/wp-content\/uploads\/2026\/02\/Gemini_Generated_Image_l3ebwwl3ebwwl3eb-1-12x12.png 12w\" sizes=\"(max-width: 1024px) 100vw, 1024px\" \/>\t\t\t\t\t\t\t\t\t\t\t\t\t\t\t<\/div>\n\t\t\t\t<\/div>\n\t\t\t\t<\/div>\n\t\t\t\t\t<\/div>\n\t\t\t\t<\/div>\n\t\t<div class=\"elementor-element elementor-element-67db253 e-flex e-con-boxed e-con e-parent\" data-id=\"67db253\" data-element_type=\"container\">\n\t\t\t\t\t<div class=\"e-con-inner\">\n\t\t<div class=\"elementor-element elementor-element-68faac5 e-con-full e-flex e-con e-child\" data-id=\"68faac5\" data-element_type=\"container\">\n\t\t\t\t<div class=\"elementor-element elementor-element-8f4a9ea elementor-widget elementor-widget-text-editor\" data-id=\"8f4a9ea\" data-element_type=\"widget\" data-widget_type=\"text-editor.default\">\n\t\t\t\t<div class=\"elementor-widget-container\">\n\t\t\t\t\t\t\t\t\t<h4 class=\"p1\"><b>El Valor de Nuestro Enfoque: Acceso Global<\/b><\/h4><p class=\"p2\">Unimos talento y oportunidad. Incluso cuando el talento no sabe que la oportunidad existe. Hacemos que las grandes ofertas encuentren a los mejores profesionales, aunque no est\u00e9n buscando un cambio.<\/p><ul class=\"ul1\"><li class=\"li2\"><b>Ofrecemos acceso garantizado a una red internacional y exclusiva de profesionales <i>top-tier<\/i><\/b>. Esto es posible gracias a las relaciones que hemos cultivado y a nuestro <b>conocimiento experto<\/b> de los ecosistemas de talento en las principales ciudades del mundo.<\/li><\/ul><p class=\"p2\">\u00a0<\/p>\t\t\t\t\t\t\t\t<\/div>\n\t\t\t\t<\/div>\n\t\t\t\t<\/div>\n\t\t<div class=\"elementor-element elementor-element-0810ae0 e-con-full e-flex e-con e-child\" data-id=\"0810ae0\" data-element_type=\"container\">\n\t\t\t\t<div class=\"elementor-element elementor-element-ac81567 elementor-widget elementor-widget-text-editor\" data-id=\"ac81567\" data-element_type=\"widget\" data-widget_type=\"text-editor.default\">\n\t\t\t\t<div class=\"elementor-widget-container\">\n\t\t\t\t\t\t\t\t\t<h4 class=\"p1\"><b>Beneficios Clave: Discreci\u00f3n y Profundidad<\/b><\/h4><p><b style=\"font-family: -apple-system, BlinkMacSystemFont, 'Segoe UI', Roboto, 'Helvetica Neue', Arial, 'Noto Sans', sans-serif, 'Apple Color Emoji', 'Segoe UI Emoji', 'Segoe UI Symbol', 'Noto Color Emoji';\">Identificaci\u00f3n Estrat\u00e9gica:<\/b><span style=\"font-family: -apple-system, BlinkMacSystemFont, 'Segoe UI', Roboto, 'Helvetica Neue', Arial, 'Noto Sans', sans-serif, 'Apple Color Emoji', 'Segoe UI Emoji', 'Segoe UI Symbol', 'Noto Color Emoji';\"> Nos centramos en el potencial de transformaci\u00f3n. Conectamos su visi\u00f3n con individuos que aportan experiencia de liderazgo probada e ideas de vanguardia.<\/span><\/p><p class=\"p2\"><b>Alcance M\u00e1s All\u00e1 de lo Visible:<\/b> Le abrimos la puerta a candidatos de alto rendimiento que no est\u00e1n en plataformas p\u00fablicas, d\u00e1ndole una <b>ventaja decisiva<\/b> sobre su competencia.<\/p><p class=\"p2\"><b>Asociaci\u00f3n de Confianza:<\/b> Abordamos a estos profesionales con total <b>confidencialidad y respeto<\/b>, asegurando que la presentaci\u00f3n de su empresa sea vista como un movimiento estrat\u00e9gico de carrera.<\/p><p class=\"p2\"><b>Perspectiva Global:<\/b> Integre talento con una mentalidad verdaderamente internacional, enriqueciendo la diversidad y la capacidad innovadora de su organizaci\u00f3n.<\/p><p class=\"p2\"><b>Construyamos juntos el equipo que su ambici\u00f3n requiere.<\/b><\/p>\t\t\t\t\t\t\t\t<\/div>\n\t\t\t\t<\/div>\n\t\t\t\t<\/div>\n\t\t\t\t\t<\/div>\n\t\t\t\t<\/div>\n\t\t<div class=\"elementor-element elementor-element-07a7710 e-flex e-con-boxed e-con e-parent\" data-id=\"07a7710\" data-element_type=\"container\">\n\t\t\t\t\t<div class=\"e-con-inner\">\n\t\t\t\t<div class=\"elementor-element elementor-element-94e1ac6 elementor-align-center elementor-widget elementor-widget-global elementor-global-3684 elementor-widget-button\" data-id=\"94e1ac6\" data-element_type=\"widget\" data-widget_type=\"button.default\">\n\t\t\t\t<div class=\"elementor-widget-container\">\n\t\t\t\t\t\t\t\t\t<div class=\"elementor-button-wrapper\">\n\t\t\t\t\t<a class=\"elementor-button elementor-button-link elementor-size-sm\" href=\"mailto:mariola.fajardo@educcators.com\">\n\t\t\t\t\t\t<span class=\"elementor-button-content-wrapper\">\n\t\t\t\t\t\t<span class=\"elementor-button-icon\">\n\t\t\t\t<i aria-hidden=\"true\" class=\"far fa-envelope\"><\/i>\t\t\t<\/span>\n\t\t\t\t\t\t\t\t\t<span class=\"elementor-button-text\">Contact us at<\/span>\n\t\t\t\t\t<\/span>\n\t\t\t\t\t<\/a>\n\t\t\t\t<\/div>\n\t\t\t\t\t\t\t\t<\/div>\n\t\t\t\t<\/div>\n\t\t\t\t\t<\/div>\n\t\t\t\t<\/div>\n\t\t\t\t<\/div>","protected":false},"excerpt":{"rendered":"<p>Educcators El Poder de la Conexi\u00f3n Las mejores oportunidades y los l\u00edderes m\u00e1s brillantes no siempre est\u00e1n en b\u00fasqueda activa. Nosotros tendemos el puente Acceso Global Acceso a candidatos top-tier exclusivos. Discreci\u00f3n absoluta en el acercamiento. Mentalidad internacional para un mundo global. El Valor de Nuestro Enfoque: Acceso Global Unimos talento y oportunidad. Incluso cuando [&hellip;]<\/p>","protected":false},"author":1,"featured_media":0,"parent":0,"menu_order":0,"comment_status":"closed","ping_status":"closed","template":"","meta":{"_acf_changed":false,"_joinchat":[],"footnotes":""},"class_list":["post-2745","page","type-page","status-publish","hentry"],"acf":[],"yoast_head":"<!-- This site is optimized with the Yoast SEO plugin v26.7 - https:\/\/yoast.com\/wordpress\/plugins\/seo\/ -->\n<title>Acceso Global - Educcators<\/title>\n<meta name=\"description\" content=\"Las mejores oportunidades y los l\u00edderes m\u00e1s brillantes no siempre est\u00e1n en b\u00fasqueda activa. Nosotros tendemos el puente al Acceso Global\" \/>\n<meta name=\"robots\" content=\"index, follow, max-snippet:-1, max-image-preview:large, max-video-preview:-1\" \/>\n<link rel=\"canonical\" href=\"https:\/\/new.educcators.com\/en\/acceso-global\/\" \/>\n<meta property=\"og:locale\" content=\"en_GB\" \/>\n<meta property=\"og:type\" content=\"article\" \/>\n<meta property=\"og:title\" content=\"Acceso Global - Educcators\" \/>\n<meta property=\"og:description\" content=\"Las mejores oportunidades y los l\u00edderes m\u00e1s brillantes no siempre est\u00e1n en b\u00fasqueda activa. Nosotros tendemos el puente al Acceso Global\" \/>\n<meta property=\"og:url\" content=\"https:\/\/new.educcators.com\/en\/acceso-global\/\" \/>\n<meta property=\"og:site_name\" content=\"Educcators\" \/>\n<meta property=\"article:modified_time\" content=\"2026-02-11T16:14:02+00:00\" \/>\n<meta property=\"og:image\" content=\"https:\/\/new.educcators.com\/wp-content\/uploads\/2026\/02\/Gemini_Generated_Image_l3ebwwl3ebwwl3eb-1.png\" \/>\n\t<meta property=\"og:image:width\" content=\"1024\" \/>\n\t<meta property=\"og:image:height\" content=\"1024\" \/>\n\t<meta property=\"og:image:type\" content=\"image\/png\" \/>\n<meta name=\"twitter:card\" content=\"summary_large_image\" \/>\n<meta name=\"twitter:label1\" content=\"Estimated reading time\" \/>\n\t<meta name=\"twitter:data1\" content=\"2 minutes\" \/>\n<script type=\"application\/ld+json\" class=\"yoast-schema-graph\">{\"@context\":\"https:\/\/schema.org\",\"@graph\":[{\"@type\":\"WebPage\",\"@id\":\"https:\/\/new.educcators.com\/acceso-global\/\",\"url\":\"https:\/\/new.educcators.com\/acceso-global\/\",\"name\":\"Acceso Global - Educcators\",\"isPartOf\":{\"@id\":\"https:\/\/new.educcators.com\/#website\"},\"primaryImageOfPage\":{\"@id\":\"https:\/\/new.educcators.com\/acceso-global\/#primaryimage\"},\"image\":{\"@id\":\"https:\/\/new.educcators.com\/acceso-global\/#primaryimage\"},\"thumbnailUrl\":\"https:\/\/new.educcators.com\/wp-content\/uploads\/2026\/02\/Gemini_Generated_Image_l3ebwwl3ebwwl3eb-1.png\",\"datePublished\":\"2025-12-17T08:53:20+00:00\",\"dateModified\":\"2026-02-11T16:14:02+00:00\",\"description\":\"Las mejores oportunidades y los l\u00edderes m\u00e1s brillantes no siempre est\u00e1n en b\u00fasqueda activa. Nosotros tendemos el puente al Acceso Global\",\"breadcrumb\":{\"@id\":\"https:\/\/new.educcators.com\/acceso-global\/#breadcrumb\"},\"inLanguage\":\"en-GB\",\"potentialAction\":[{\"@type\":\"ReadAction\",\"target\":[\"https:\/\/new.educcators.com\/acceso-global\/\"]}]},{\"@type\":\"ImageObject\",\"inLanguage\":\"en-GB\",\"@id\":\"https:\/\/new.educcators.com\/acceso-global\/#primaryimage\",\"url\":\"https:\/\/new.educcators.com\/wp-content\/uploads\/2026\/02\/Gemini_Generated_Image_l3ebwwl3ebwwl3eb-1.png\",\"contentUrl\":\"https:\/\/new.educcators.com\/wp-content\/uploads\/2026\/02\/Gemini_Generated_Image_l3ebwwl3ebwwl3eb-1.png\"},{\"@type\":\"BreadcrumbList\",\"@id\":\"https:\/\/new.educcators.com\/acceso-global\/#breadcrumb\",\"itemListElement\":[{\"@type\":\"ListItem\",\"position\":1,\"name\":\"Portada\",\"item\":\"https:\/\/new.educcators.com\/\"},{\"@type\":\"ListItem\",\"position\":2,\"name\":\"Acceso Global\"}]},{\"@type\":\"WebSite\",\"@id\":\"https:\/\/new.educcators.com\/#website\",\"url\":\"https:\/\/new.educcators.com\/\",\"name\":\"Educcators\",\"description\":\"\",\"publisher\":{\"@id\":\"https:\/\/new.educcators.com\/#organization\"},\"potentialAction\":[{\"@type\":\"SearchAction\",\"target\":{\"@type\":\"EntryPoint\",\"urlTemplate\":\"https:\/\/new.educcators.com\/?s={search_term_string}\"},\"query-input\":{\"@type\":\"PropertyValueSpecification\",\"valueRequired\":true,\"valueName\":\"search_term_string\"}}],\"inLanguage\":\"en-GB\"},{\"@type\":\"Organization\",\"@id\":\"https:\/\/new.educcators.com\/#organization\",\"name\":\"Educcators\",\"url\":\"https:\/\/new.educcators.com\/\",\"logo\":{\"@type\":\"ImageObject\",\"inLanguage\":\"en-GB\",\"@id\":\"https:\/\/new.educcators.com\/#\/schema\/logo\/image\/\",\"url\":\"https:\/\/new.educcators.com\/wp-content\/uploads\/2025\/03\/Educcators_RGB_300dpi.png\",\"contentUrl\":\"https:\/\/new.educcators.com\/wp-content\/uploads\/2025\/03\/Educcators_RGB_300dpi.png\",\"width\":3780,\"height\":650,\"caption\":\"Educcators\"},\"image\":{\"@id\":\"https:\/\/new.educcators.com\/#\/schema\/logo\/image\/\"}}]}<\/script>\n<!-- \/ Yoast SEO plugin. -->","yoast_head_json":{"title":"Acceso Global - Educcators","description":"Las mejores oportunidades y los l\u00edderes m\u00e1s brillantes no siempre est\u00e1n en b\u00fasqueda activa. Nosotros tendemos el puente al Acceso Global","robots":{"index":"index","follow":"follow","max-snippet":"max-snippet:-1","max-image-preview":"max-image-preview:large","max-video-preview":"max-video-preview:-1"},"canonical":"https:\/\/new.educcators.com\/en\/acceso-global\/","og_locale":"en_GB","og_type":"article","og_title":"Acceso Global - Educcators","og_description":"Las mejores oportunidades y los l\u00edderes m\u00e1s brillantes no siempre est\u00e1n en b\u00fasqueda activa. Nosotros tendemos el puente al Acceso Global","og_url":"https:\/\/new.educcators.com\/en\/acceso-global\/","og_site_name":"Educcators","article_modified_time":"2026-02-11T16:14:02+00:00","og_image":[{"width":1024,"height":1024,"url":"https:\/\/new.educcators.com\/wp-content\/uploads\/2026\/02\/Gemini_Generated_Image_l3ebwwl3ebwwl3eb-1.png","type":"image\/png"}],"twitter_card":"summary_large_image","twitter_misc":{"Estimated reading time":"2 minutes"},"schema":{"@context":"https:\/\/schema.org","@graph":[{"@type":"WebPage","@id":"https:\/\/new.educcators.com\/acceso-global\/","url":"https:\/\/new.educcators.com\/acceso-global\/","name":"Acceso Global - Educcators","isPartOf":{"@id":"https:\/\/new.educcators.com\/#website"},"primaryImageOfPage":{"@id":"https:\/\/new.educcators.com\/acceso-global\/#primaryimage"},"image":{"@id":"https:\/\/new.educcators.com\/acceso-global\/#primaryimage"},"thumbnailUrl":"https:\/\/new.educcators.com\/wp-content\/uploads\/2026\/02\/Gemini_Generated_Image_l3ebwwl3ebwwl3eb-1.png","datePublished":"2025-12-17T08:53:20+00:00","dateModified":"2026-02-11T16:14:02+00:00","description":"Las mejores oportunidades y los l\u00edderes m\u00e1s brillantes no siempre est\u00e1n en b\u00fasqueda activa. Nosotros tendemos el puente al Acceso Global","breadcrumb":{"@id":"https:\/\/new.educcators.com\/acceso-global\/#breadcrumb"},"inLanguage":"en-GB","potentialAction":[{"@type":"ReadAction","target":["https:\/\/new.educcators.com\/acceso-global\/"]}]},{"@type":"ImageObject","inLanguage":"en-GB","@id":"https:\/\/new.educcators.com\/acceso-global\/#primaryimage","url":"https:\/\/new.educcators.com\/wp-content\/uploads\/2026\/02\/Gemini_Generated_Image_l3ebwwl3ebwwl3eb-1.png","contentUrl":"https:\/\/new.educcators.com\/wp-content\/uploads\/2026\/02\/Gemini_Generated_Image_l3ebwwl3ebwwl3eb-1.png"},{"@type":"BreadcrumbList","@id":"https:\/\/new.educcators.com\/acceso-global\/#breadcrumb","itemListElement":[{"@type":"ListItem","position":1,"name":"Portada","item":"https:\/\/new.educcators.com\/"},{"@type":"ListItem","position":2,"name":"Acceso Global"}]},{"@type":"WebSite","@id":"https:\/\/new.educcators.com\/#website","url":"https:\/\/new.educcators.com\/","name":"Educcators","description":"","publisher":{"@id":"https:\/\/new.educcators.com\/#organization"},"potentialAction":[{"@type":"SearchAction","target":{"@type":"EntryPoint","urlTemplate":"https:\/\/new.educcators.com\/?s={search_term_string}"},"query-input":{"@type":"PropertyValueSpecification","valueRequired":true,"valueName":"search_term_string"}}],"inLanguage":"en-GB"},{"@type":"Organization","@id":"https:\/\/new.educcators.com\/#organization","name":"Educcators","url":"https:\/\/new.educcators.com\/","logo":{"@type":"ImageObject","inLanguage":"en-GB","@id":"https:\/\/new.educcators.com\/#\/schema\/logo\/image\/","url":"https:\/\/new.educcators.com\/wp-content\/uploads\/2025\/03\/Educcators_RGB_300dpi.png","contentUrl":"https:\/\/new.educcators.com\/wp-content\/uploads\/2025\/03\/Educcators_RGB_300dpi.png","width":3780,"height":650,"caption":"Educcators"},"image":{"@id":"https:\/\/new.educcators.com\/#\/schema\/logo\/image\/"}}]}},"_links":{"self":[{"href":"https:\/\/new.educcators.com\/en\/wp-json\/wp\/v2\/pages\/2745","targetHints":{"allow":["GET"]}}],"collection":[{"href":"https:\/\/new.educcators.com\/en\/wp-json\/wp\/v2\/pages"}],"about":[{"href":"https:\/\/new.educcators.com\/en\/wp-json\/wp\/v2\/types\/page"}],"author":[{"embeddable":true,"href":"https:\/\/new.educcators.com\/en\/wp-json\/wp\/v2\/users\/1"}],"replies":[{"embeddable":true,"href":"https:\/\/new.educcators.com\/en\/wp-json\/wp\/v2\/comments?post=2745"}],"version-history":[{"count":58,"href":"https:\/\/new.educcators.com\/en\/wp-json\/wp\/v2\/pages\/2745\/revisions"}],"predecessor-version":[{"id":3863,"href":"https:\/\/new.educcators.com\/en\/wp-json\/wp\/v2\/pages\/2745\/revisions\/3863"}],"wp:attachment":[{"href":"https:\/\/new.educcators.com\/en\/wp-json\/wp\/v2\/media?parent=2745"}],"curies":[{"name":"wp","href":"https:\/\/api.w.org\/{rel}","templated":true}]}}