{"id":2293,"date":"2025-11-20T08:32:15","date_gmt":"2025-11-20T08:32:15","guid":{"rendered":"https:\/\/new.educcators.com\/?page_id=2293"},"modified":"2026-02-11T16:20:30","modified_gmt":"2026-02-11T16:20:30","slug":"early-years-careers","status":"publish","type":"page","link":"https:\/\/new.educcators.com\/en\/early-years-careers\/","title":{"rendered":"Early Years Careers"},"content":{"rendered":"<div data-elementor-type=\"wp-page\" data-elementor-id=\"2293\" class=\"elementor elementor-2293\" data-elementor-post-type=\"page\">\n\t\t\t\t<div class=\"elementor-element elementor-element-c3a4ef6 e-con-full e-flex e-con e-parent\" data-id=\"c3a4ef6\" data-element_type=\"container\" data-settings=\"{&quot;background_background&quot;:&quot;gradient&quot;}\">\n\t\t\t\t<div class=\"elementor-element elementor-element-250ceff elementor-widget elementor-widget-heading\" data-id=\"250ceff\" data-element_type=\"widget\" data-widget_type=\"heading.default\">\n\t\t\t\t<div class=\"elementor-widget-container\">\n\t\t\t\t\t<h2 class=\"elementor-heading-title elementor-size-default\">Educcators<\/h2>\t\t\t\t<\/div>\n\t\t\t\t<\/div>\n\t\t\t\t<div class=\"elementor-element elementor-element-fc6253d elementor-widget elementor-widget-heading\" data-id=\"fc6253d\" data-element_type=\"widget\" data-widget_type=\"heading.default\">\n\t\t\t\t<div class=\"elementor-widget-container\">\n\t\t\t\t\t<h2 class=\"elementor-heading-title elementor-size-default\">Early Year Careers<\/h2>\t\t\t\t<\/div>\n\t\t\t\t<\/div>\n\t\t\t\t<div class=\"elementor-element elementor-element-be3cbfb elementor-widget elementor-widget-heading\" data-id=\"be3cbfb\" data-element_type=\"widget\" data-widget_type=\"heading.default\">\n\t\t\t\t<div class=\"elementor-widget-container\">\n\t\t\t\t\t<h2 class=\"elementor-heading-title elementor-size-default\">Ready for change? Your teaching career is waiting for you<\/h2>\t\t\t\t<\/div>\n\t\t\t\t<\/div>\n\t\t\t\t<\/div>\n\t\t<div class=\"elementor-element elementor-element-6fc68e8 e-con-full e-flex e-con e-parent\" data-id=\"6fc68e8\" data-element_type=\"container\">\n\t\t\t\t<div class=\"elementor-element elementor-element-5ab3b64 elementor-widget elementor-widget-heading\" data-id=\"5ab3b64\" data-element_type=\"widget\" data-widget_type=\"heading.default\">\n\t\t\t\t<div class=\"elementor-widget-container\">\n\t\t\t\t\t<h2 class=\"elementor-heading-title elementor-size-default\">Opportunity for Young Teachers \/ Early Career Teachers<\/h2>\t\t\t\t<\/div>\n\t\t\t\t<\/div>\n\t\t\t\t<\/div>\n\t\t<div class=\"elementor-element elementor-element-dc63190 e-con-full e-flex e-con e-parent\" data-id=\"dc63190\" data-element_type=\"container\" id=\"headhunting\">\n\t\t<div class=\"elementor-element elementor-element-4d35218 e-con-full e-flex e-con e-child\" data-id=\"4d35218\" data-element_type=\"container\" data-settings=\"{&quot;background_background&quot;:&quot;classic&quot;}\">\n\t\t\t\t<div class=\"elementor-element elementor-element-0c0455b elementor-widget elementor-widget-text-editor\" data-id=\"0c0455b\" data-element_type=\"widget\" data-widget_type=\"text-editor.default\">\n\t\t\t\t<div class=\"elementor-widget-container\">\n\t\t\t\t\t\t\t\t\t<p class=\"p1\">International demand for young teachers is growing strongly, and the opportunities for starting out in the education sector are broader and stronger than ever.<\/p>\n<p class=\"p1\">At <span class=\"s1\"><b>Educcators<\/b><\/span> we want to be your best starting point. We offer you the chance to develop your full potential and gain practical experience from day one, while improving your language skills and working with new methodologies in centres committed to the professional development of their staff.<\/p>\n<p class=\"p1\"><b>At Educcators we want to be your best starting point, offering you the chance to develop your full potential and gain real hands-on experience from day one.<\/b>&nbsp;<\/p>\t\t\t\t\t\t\t\t<\/div>\n\t\t\t\t<\/div>\n\t\t\t\t<\/div>\n\t\t<div class=\"elementor-element elementor-element-1606370 e-grid elementor-hidden-mobile e-con-boxed e-con e-child\" data-id=\"1606370\" data-element_type=\"container\" data-settings=\"{&quot;background_background&quot;:&quot;classic&quot;}\">\n\t\t\t\t\t<div class=\"e-con-inner\">\n\t\t\t\t\t<\/div>\n\t\t\t\t<\/div>\n\t\t\t\t<\/div>\n\t\t<div class=\"elementor-element elementor-element-00ad97e e-con-full e-flex e-con e-parent\" data-id=\"00ad97e\" data-element_type=\"container\" id=\"consultoria\">\n\t\t<div class=\"elementor-element elementor-element-330dd3c e-con-full e-flex e-con e-child\" data-id=\"330dd3c\" data-element_type=\"container\" data-settings=\"{&quot;background_background&quot;:&quot;classic&quot;}\">\n\t\t\t\t<div class=\"elementor-element elementor-element-1f01d2a elementor-widget elementor-widget-text-editor\" data-id=\"1f01d2a\" data-element_type=\"widget\" data-widget_type=\"text-editor.default\">\n\t\t\t\t<div class=\"elementor-widget-container\">\n\t\t\t\t\t\t\t\t\t<p class=\"p1\">This is achieved while fully integrating yourself into the linguistic environment, improving\u00a0<b>the language of the country of destination<\/b>\u00a0if you decide to go international.<span class=\"Apple-converted-space\">\u00a0<\/span><\/p><p class=\"p1\">We work with centres committed to the continuous development of their team, which will enable you to apply <b>new and cutting-edge methodologies<\/b> work. <b>Educcators is the boost you need for a global career.<\/b><\/p><p class=\"p1\"><b>We want to be your best starting point.<\/b> From day one, we will help you to develop your <b>maximum potential<\/b>. Here you will find the <b>practical experience <\/b>you need and an environment that believes in your <b>continuous growth<\/b> really.<\/p><p class=\"p1\"><b>Are you ready to take the leap? We are waiting for you!<\/b><\/p>\t\t\t\t\t\t\t\t<\/div>\n\t\t\t\t<\/div>\n\t\t\t\t<\/div>\n\t\t<div class=\"elementor-element elementor-element-06ce0fc e-con-full e-flex e-con e-child\" data-id=\"06ce0fc\" data-element_type=\"container\" data-settings=\"{&quot;background_background&quot;:&quot;classic&quot;}\">\n\t\t\t\t<\/div>\n\t\t\t\t<\/div>\n\t\t<div class=\"elementor-element elementor-element-07c567e e-flex e-con-boxed e-con e-parent\" data-id=\"07c567e\" data-element_type=\"container\">\n\t\t\t\t\t<div class=\"e-con-inner\">\n\t\t\t\t<div class=\"elementor-element elementor-element-a033133 elementor-widget elementor-widget-heading\" data-id=\"a033133\" data-element_type=\"widget\" data-widget_type=\"heading.default\">\n\t\t\t\t<div class=\"elementor-widget-container\">\n\t\t\t\t\t<h2 class=\"elementor-heading-title elementor-size-default\">\ud83c\udf0d Grow as an international teacher<\/h2>\t\t\t\t<\/div>\n\t\t\t\t<\/div>\n\t\t\t\t<div class=\"elementor-element elementor-element-13587cf elementor-widget elementor-widget-heading\" data-id=\"13587cf\" data-element_type=\"widget\" data-widget_type=\"heading.default\">\n\t\t\t\t<div class=\"elementor-widget-container\">\n\t\t\t\t\t<p class=\"elementor-heading-title elementor-size-default\">We accompany you throughout the entire process: from preparing for interviews, to dealing with bureaucratic issues, to integrating into your new position. We want your first work experience to be enriching, professional and secure, <\/p>\t\t\t\t<\/div>\n\t\t\t\t<\/div>\n\t\t\t\t<div class=\"elementor-element elementor-element-7be7d3f elementor-widget elementor-widget-heading\" data-id=\"7be7d3f\" data-element_type=\"widget\" data-widget_type=\"heading.default\">\n\t\t\t\t<div class=\"elementor-widget-container\">\n\t\t\t\t\t<h2 class=\"elementor-heading-title elementor-size-default\">\ud83d\ude80 Your first step on the road to an international career starts here<\/h2>\t\t\t\t<\/div>\n\t\t\t\t<\/div>\n\t\t\t\t<div class=\"elementor-element elementor-element-a0d3155 elementor-widget elementor-widget-heading\" data-id=\"a0d3155\" data-element_type=\"widget\" data-widget_type=\"heading.default\">\n\t\t\t\t<div class=\"elementor-widget-container\">\n\t\t\t\t\t<p class=\"elementor-heading-title elementor-size-default\">If you are looking for practical experience, real learning and international professional growth, this is the opportunity for you. Live a unique experience that will enhance your career from day one.<\/p>\t\t\t\t<\/div>\n\t\t\t\t<\/div>\n\t\t\t\t\t<\/div>\n\t\t\t\t<\/div>\n\t\t<div class=\"elementor-element elementor-element-2a43327 e-flex e-con-boxed e-con e-parent\" data-id=\"2a43327\" data-element_type=\"container\">\n\t\t\t\t\t<div class=\"e-con-inner\">\n\t\t\t\t<div class=\"elementor-element elementor-element-f46725c elementor-align-center elementor-widget elementor-widget-button\" data-id=\"f46725c\" data-element_type=\"widget\" data-widget_type=\"button.default\">\n\t\t\t\t<div class=\"elementor-widget-container\">\n\t\t\t\t\t\t\t\t\t<div class=\"elementor-button-wrapper\">\n\t\t\t\t\t<a class=\"elementor-button elementor-button-link elementor-size-sm\" href=\"\/en\/registration\/\">\n\t\t\t\t\t\t<span class=\"elementor-button-content-wrapper\">\n\t\t\t\t\t\t<span class=\"elementor-button-icon\">\n\t\t\t\t<i aria-hidden=\"true\" class=\"far fa-check-circle\"><\/i>\t\t\t<\/span>\n\t\t\t\t\t\t\t\t\t<span class=\"elementor-button-text\">Send us your CV<\/span>\n\t\t\t\t\t<\/span>\n\t\t\t\t\t<\/a>\n\t\t\t\t<\/div>\n\t\t\t\t\t\t\t\t<\/div>\n\t\t\t\t<\/div>\n\t\t\t\t\t<\/div>\n\t\t\t\t<\/div>\n\t\t\t\t<\/div>","protected":false},"excerpt":{"rendered":"<p>Educcators Early Year Careers\u200b \u00bfListo para el cambio? Tu carrera docente te espera Oportunidad para J\u00f3venes Profesores \/ Early Career Teachers La demanda internacional de j\u00f3venes profesores est\u00e1 creciendo con fuerza, y las oportunidades para comenzar en el sector educativo son m\u00e1s amplias y s\u00f3lidas que nunca. En Educcators queremos ser tu mejor punto de [&hellip;]<\/p>","protected":false},"author":1,"featured_media":0,"parent":0,"menu_order":0,"comment_status":"closed","ping_status":"closed","template":"","meta":{"_acf_changed":false,"_joinchat":[],"footnotes":""},"class_list":["post-2293","page","type-page","status-publish","hentry"],"acf":[],"yoast_head":"<!-- This site is optimized with the Yoast SEO plugin v26.7 - https:\/\/yoast.com\/wordpress\/plugins\/seo\/ -->\n<title>Early Years Careers - Educcators<\/title>\n<meta name=\"description\" content=\"La demanda internacional de j\u00f3venes profesores est\u00e1 creciendo con fuerza, y las oportunidades para comenzar en el sector educativo son m\u00e1s amplias y s\u00f3lidas que nunca.\" \/>\n<meta name=\"robots\" content=\"index, follow, max-snippet:-1, max-image-preview:large, max-video-preview:-1\" \/>\n<link rel=\"canonical\" href=\"https:\/\/new.educcators.com\/en\/early-years-careers\/\" \/>\n<meta property=\"og:locale\" content=\"en_GB\" \/>\n<meta property=\"og:type\" content=\"article\" \/>\n<meta property=\"og:title\" content=\"Early Years Careers - Educcators\" \/>\n<meta property=\"og:description\" content=\"La demanda internacional de j\u00f3venes profesores est\u00e1 creciendo con fuerza, y las oportunidades para comenzar en el sector educativo son m\u00e1s amplias y s\u00f3lidas que nunca.\" \/>\n<meta property=\"og:url\" content=\"https:\/\/new.educcators.com\/en\/early-years-careers\/\" \/>\n<meta property=\"og:site_name\" content=\"Educcators\" \/>\n<meta property=\"article:modified_time\" content=\"2026-02-11T16:20:30+00:00\" \/>\n<meta name=\"twitter:card\" content=\"summary_large_image\" \/>\n<meta name=\"twitter:label1\" content=\"Estimated reading time\" \/>\n\t<meta name=\"twitter:data1\" content=\"2 minutes\" \/>\n<script type=\"application\/ld+json\" class=\"yoast-schema-graph\">{\"@context\":\"https:\/\/schema.org\",\"@graph\":[{\"@type\":\"WebPage\",\"@id\":\"https:\/\/new.educcators.com\/early-years-careers\/\",\"url\":\"https:\/\/new.educcators.com\/early-years-careers\/\",\"name\":\"Early Years Careers - Educcators\",\"isPartOf\":{\"@id\":\"https:\/\/new.educcators.com\/#website\"},\"datePublished\":\"2025-11-20T08:32:15+00:00\",\"dateModified\":\"2026-02-11T16:20:30+00:00\",\"description\":\"La demanda internacional de j\u00f3venes profesores est\u00e1 creciendo con fuerza, y las oportunidades para comenzar en el sector educativo son m\u00e1s amplias y s\u00f3lidas que nunca.\",\"breadcrumb\":{\"@id\":\"https:\/\/new.educcators.com\/early-years-careers\/#breadcrumb\"},\"inLanguage\":\"en-GB\",\"potentialAction\":[{\"@type\":\"ReadAction\",\"target\":[\"https:\/\/new.educcators.com\/early-years-careers\/\"]}]},{\"@type\":\"BreadcrumbList\",\"@id\":\"https:\/\/new.educcators.com\/early-years-careers\/#breadcrumb\",\"itemListElement\":[{\"@type\":\"ListItem\",\"position\":1,\"name\":\"Portada\",\"item\":\"https:\/\/new.educcators.com\/\"},{\"@type\":\"ListItem\",\"position\":2,\"name\":\"Early Years Careers\"}]},{\"@type\":\"WebSite\",\"@id\":\"https:\/\/new.educcators.com\/#website\",\"url\":\"https:\/\/new.educcators.com\/\",\"name\":\"Educcators\",\"description\":\"\",\"publisher\":{\"@id\":\"https:\/\/new.educcators.com\/#organization\"},\"potentialAction\":[{\"@type\":\"SearchAction\",\"target\":{\"@type\":\"EntryPoint\",\"urlTemplate\":\"https:\/\/new.educcators.com\/?s={search_term_string}\"},\"query-input\":{\"@type\":\"PropertyValueSpecification\",\"valueRequired\":true,\"valueName\":\"search_term_string\"}}],\"inLanguage\":\"en-GB\"},{\"@type\":\"Organization\",\"@id\":\"https:\/\/new.educcators.com\/#organization\",\"name\":\"Educcators\",\"url\":\"https:\/\/new.educcators.com\/\",\"logo\":{\"@type\":\"ImageObject\",\"inLanguage\":\"en-GB\",\"@id\":\"https:\/\/new.educcators.com\/#\/schema\/logo\/image\/\",\"url\":\"https:\/\/new.educcators.com\/wp-content\/uploads\/2025\/03\/Educcators_RGB_300dpi.png\",\"contentUrl\":\"https:\/\/new.educcators.com\/wp-content\/uploads\/2025\/03\/Educcators_RGB_300dpi.png\",\"width\":3780,\"height\":650,\"caption\":\"Educcators\"},\"image\":{\"@id\":\"https:\/\/new.educcators.com\/#\/schema\/logo\/image\/\"}}]}<\/script>\n<!-- \/ Yoast SEO plugin. -->","yoast_head_json":{"title":"Early Years Careers - Educators","description":"International demand for young teachers is growing strongly, and the opportunities for starting out in the education sector are broader and stronger than ever.","robots":{"index":"index","follow":"follow","max-snippet":"max-snippet:-1","max-image-preview":"max-image-preview:large","max-video-preview":"max-video-preview:-1"},"canonical":"https:\/\/new.educcators.com\/en\/early-years-careers\/","og_locale":"en_GB","og_type":"article","og_title":"Early Years Careers - Educcators","og_description":"La demanda internacional de j\u00f3venes profesores est\u00e1 creciendo con fuerza, y las oportunidades para comenzar en el sector educativo son m\u00e1s amplias y s\u00f3lidas que nunca.","og_url":"https:\/\/new.educcators.com\/en\/early-years-careers\/","og_site_name":"Educcators","article_modified_time":"2026-02-11T16:20:30+00:00","twitter_card":"summary_large_image","twitter_misc":{"Estimated reading time":"2 minutes"},"schema":{"@context":"https:\/\/schema.org","@graph":[{"@type":"WebPage","@id":"https:\/\/new.educcators.com\/early-years-careers\/","url":"https:\/\/new.educcators.com\/early-years-careers\/","name":"Early Years Careers - Educators","isPartOf":{"@id":"https:\/\/new.educcators.com\/#website"},"datePublished":"2025-11-20T08:32:15+00:00","dateModified":"2026-02-11T16:20:30+00:00","description":"International demand for young teachers is growing strongly, and the opportunities for starting out in the education sector are broader and stronger than ever.","breadcrumb":{"@id":"https:\/\/new.educcators.com\/early-years-careers\/#breadcrumb"},"inLanguage":"en-GB","potentialAction":[{"@type":"ReadAction","target":["https:\/\/new.educcators.com\/early-years-careers\/"]}]},{"@type":"BreadcrumbList","@id":"https:\/\/new.educcators.com\/early-years-careers\/#breadcrumb","itemListElement":[{"@type":"ListItem","position":1,"name":"Portada","item":"https:\/\/new.educcators.com\/"},{"@type":"ListItem","position":2,"name":"Early Years Careers"}]},{"@type":"WebSite","@id":"https:\/\/new.educcators.com\/#website","url":"https:\/\/new.educcators.com\/","name":"Educcators","description":"","publisher":{"@id":"https:\/\/new.educcators.com\/#organization"},"potentialAction":[{"@type":"SearchAction","target":{"@type":"EntryPoint","urlTemplate":"https:\/\/new.educcators.com\/?s={search_term_string}"},"query-input":{"@type":"PropertyValueSpecification","valueRequired":true,"valueName":"search_term_string"}}],"inLanguage":"en-GB"},{"@type":"Organization","@id":"https:\/\/new.educcators.com\/#organization","name":"Educcators","url":"https:\/\/new.educcators.com\/","logo":{"@type":"ImageObject","inLanguage":"en-GB","@id":"https:\/\/new.educcators.com\/#\/schema\/logo\/image\/","url":"https:\/\/new.educcators.com\/wp-content\/uploads\/2025\/03\/Educcators_RGB_300dpi.png","contentUrl":"https:\/\/new.educcators.com\/wp-content\/uploads\/2025\/03\/Educcators_RGB_300dpi.png","width":3780,"height":650,"caption":"Educcators"},"image":{"@id":"https:\/\/new.educcators.com\/#\/schema\/logo\/image\/"}}]}},"_links":{"self":[{"href":"https:\/\/new.educcators.com\/en\/wp-json\/wp\/v2\/pages\/2293","targetHints":{"allow":["GET"]}}],"collection":[{"href":"https:\/\/new.educcators.com\/en\/wp-json\/wp\/v2\/pages"}],"about":[{"href":"https:\/\/new.educcators.com\/en\/wp-json\/wp\/v2\/types\/page"}],"author":[{"embeddable":true,"href":"https:\/\/new.educcators.com\/en\/wp-json\/wp\/v2\/users\/1"}],"replies":[{"embeddable":true,"href":"https:\/\/new.educcators.com\/en\/wp-json\/wp\/v2\/comments?post=2293"}],"version-history":[{"count":75,"href":"https:\/\/new.educcators.com\/en\/wp-json\/wp\/v2\/pages\/2293\/revisions"}],"predecessor-version":[{"id":3867,"href":"https:\/\/new.educcators.com\/en\/wp-json\/wp\/v2\/pages\/2293\/revisions\/3867"}],"wp:attachment":[{"href":"https:\/\/new.educcators.com\/en\/wp-json\/wp\/v2\/media?parent=2293"}],"curies":[{"name":"wp","href":"https:\/\/api.w.org\/{rel}","templated":true}]}}